{"id":875,"date":"2022-01-14T20:47:41","date_gmt":"2022-01-14T20:47:41","guid":{"rendered":"http:\/\/duzaybir.com\/dzb\/?page_id=875"},"modified":"2022-01-14T21:30:18","modified_gmt":"2022-01-14T21:30:18","slug":"urunler","status":"publish","type":"page","link":"http:\/\/duzaybir.com\/dzb\/urunler\/","title":{"rendered":"\u00dcr\u00fcnlerimiz"},"content":{"rendered":"\n<p><\/p>\n\n\n<style>#kt-layout-id_f1a9d5-d5 > .kt-row-column-wrap{align-content:start;}:where(#kt-layout-id_f1a9d5-d5 > .kt-row-column-wrap) > .wp-block-kadence-column{justify-content:start;}#kt-layout-id_f1a9d5-d5 > .kt-row-column-wrap{column-gap:var(--global-kb-gap-md, 2rem);row-gap:var(--global-kb-gap-md, 2rem);max-width:720px;padding-top:var( --global-kb-row-default-top, 25px );padding-bottom:var( --global-kb-row-default-bottom, 25px );padding-bottom:0px;grid-template-columns:minmax(0, calc(40% - ((var(--global-kb-gap-md, 2rem) * 2 )\/3)))minmax(0, calc(30% - ((var(--global-kb-gap-md, 2rem) * 2 )\/3)))minmax(0, calc(30% - ((var(--global-kb-gap-md, 2rem) * 2 )\/3)));}#kt-layout-id_f1a9d5-d5 > .kt-row-layout-overlay{opacity:0.30;}@media all and (max-width: 1024px){#kt-layout-id_f1a9d5-d5 > .kt-row-column-wrap > div:not(.added-for-specificity){grid-column:initial;}}@media all and (max-width: 1024px){#kt-layout-id_f1a9d5-d5 > .kt-row-column-wrap{grid-template-columns:repeat(3, minmax(0, 1fr));}}@media all and (max-width: 767px){#kt-layout-id_f1a9d5-d5 > .kt-row-column-wrap > div:not(.added-for-specificity){grid-column:initial;}#kt-layout-id_f1a9d5-d5 > .kt-row-column-wrap{grid-template-columns:minmax(0, 1fr);}}<\/style>\n<div class=\"wp-block-kadence-rowlayout alignnone\"><div id=\"kt-layout-id_f1a9d5-d5\" class=\"kt-row-layout-inner kt-layout-id_f1a9d5-d5\"><div class=\"kt-row-column-wrap kt-has-3-columns kt-gutter-default kt-v-gutter-default kt-row-valign-top kt-row-layout-equal kt-tab-layout-inherit kt-m-colapse-left-to-right kt-mobile-layout-row  kt-custom-first-width-40  kt-custom-second-width-30  kt-custom-third-width-30 kb-theme-content-width\"><style>.kadence-column_e464cf-52 > .kt-inside-inner-col{border-top-width:0px;border-right-width:0px;border-bottom-width:0px;border-left-width:0px;}.kadence-column_e464cf-52 > .kt-inside-inner-col,.kadence-column_e464cf-52 > .kt-inside-inner-col:before{border-top-left-radius:0px;border-top-right-radius:0px;border-bottom-right-radius:0px;border-bottom-left-radius:0px;}.kadence-column_e464cf-52 > .kt-inside-inner-col{column-gap:var(--global-kb-gap-sm, 1rem);}.kadence-column_e464cf-52 > .kt-inside-inner-col{flex-direction:column;}.kadence-column_e464cf-52 > .kt-inside-inner-col > .aligncenter{width:100%;}.kadence-column_e464cf-52 > .kt-inside-inner-col:before{opacity:0.3;}.kadence-column_e464cf-52{position:relative;}@media all and (max-width: 1024px){.kadence-column_e464cf-52 > .kt-inside-inner-col{flex-direction:column;justify-content:center;}}@media all and (max-width: 767px){.kadence-column_e464cf-52 > .kt-inside-inner-col{flex-direction:column;justify-content:center;}}<\/style>\n<div class=\"wp-block-kadence-column inner-column-1 kadence-column_e464cf-52\"><div class=\"kt-inside-inner-col\"><style>.wp-block-kadence-advancedheading.kt-adv-heading_ff4104-1f, .wp-block-kadence-advancedheading.kt-adv-heading_ff4104-1f[data-kb-block=\"kb-adv-heading_ff4104-1f\"]{margin-top:10px;margin-bottom:10px;text-align:center;font-size:24px;line-height:40px;font-weight:400;font-style:normal;font-family:'Archivo Black';}.wp-block-kadence-advancedheading.kt-adv-heading_ff4104-1f mark.kt-highlight, .wp-block-kadence-advancedheading.kt-adv-heading_ff4104-1f[data-kb-block=\"kb-adv-heading_ff4104-1f\"] mark.kt-highlight{font-style:normal;color:#f76a0c;-webkit-box-decoration-break:clone;box-decoration-break:clone;padding-top:0px;padding-right:0px;padding-bottom:0px;padding-left:0px;}.wp-block-kadence-advancedheading.kt-adv-heading_ff4104-1f img.kb-inline-image, .wp-block-kadence-advancedheading.kt-adv-heading_ff4104-1f[data-kb-block=\"kb-adv-heading_ff4104-1f\"] img.kb-inline-image{width:150px;vertical-align:baseline;}<\/style>\n<h4 class=\"kt-adv-heading_ff4104-1f wp-block-kadence-advancedheading\" data-kb-block=\"kb-adv-heading_ff4104-1f\">D\u00fczaybir Ak\u00e7akoca Kestane Bal\u0131<\/h4>\n\n\n<style>.wp-block-kadence-advancedheading.kt-adv-heading_988cc0-19, .wp-block-kadence-advancedheading.kt-adv-heading_988cc0-19[data-kb-block=\"kb-adv-heading_988cc0-19\"]{margin-top:10px;margin-bottom:10px;text-align:center;font-size:24px;line-height:40px;font-weight:400;font-style:normal;font-family:'Archivo Black';}.wp-block-kadence-advancedheading.kt-adv-heading_988cc0-19 mark.kt-highlight, .wp-block-kadence-advancedheading.kt-adv-heading_988cc0-19[data-kb-block=\"kb-adv-heading_988cc0-19\"] mark.kt-highlight{font-style:normal;color:#f76a0c;-webkit-box-decoration-break:clone;box-decoration-break:clone;padding-top:0px;padding-right:0px;padding-bottom:0px;padding-left:0px;}.wp-block-kadence-advancedheading.kt-adv-heading_988cc0-19 img.kb-inline-image, .wp-block-kadence-advancedheading.kt-adv-heading_988cc0-19[data-kb-block=\"kb-adv-heading_988cc0-19\"] img.kb-inline-image{width:150px;vertical-align:baseline;}<\/style>\n<h4 class=\"kt-adv-heading_988cc0-19 wp-block-kadence-advancedheading\" data-kb-block=\"kb-adv-heading_988cc0-19\"><\/h4>\n\n\n\n<figure class=\"wp-block-image size-large is-resized is-style-default\"><a href=\"http:\/\/duzaybir.com\/dzb\/wp-content\/uploads\/2022\/01\/DSC_8418-scaled.jpg\" target=\"_blank\" rel=\"noopener\"><img loading=\"lazy\" decoding=\"async\" src=\"http:\/\/duzaybir.com\/dzb\/wp-content\/uploads\/2022\/01\/DSC_8418-710x1024.jpg\" alt=\"\" class=\"wp-image-892\" width=\"301\" height=\"434\" srcset=\"http:\/\/duzaybir.com\/dzb\/wp-content\/uploads\/2022\/01\/DSC_8418-710x1024.jpg 710w, http:\/\/duzaybir.com\/dzb\/wp-content\/uploads\/2022\/01\/DSC_8418-208x300.jpg 208w, http:\/\/duzaybir.com\/dzb\/wp-content\/uploads\/2022\/01\/DSC_8418-768x1108.jpg 768w, http:\/\/duzaybir.com\/dzb\/wp-content\/uploads\/2022\/01\/DSC_8418-1065x1536.jpg 1065w, http:\/\/duzaybir.com\/dzb\/wp-content\/uploads\/2022\/01\/DSC_8418-1420x2048.jpg 1420w, http:\/\/duzaybir.com\/dzb\/wp-content\/uploads\/2022\/01\/DSC_8418-scaled.jpg 1775w\" sizes=\"auto, (max-width: 301px) 100vw, 301px\" \/><\/a><\/figure>\n<\/div><\/div>\n\n\n<style>.kadence-column_e88f85-a4 > .kt-inside-inner-col{border-top-width:0px;border-right-width:0px;border-bottom-width:0px;border-left-width:0px;}.kadence-column_e88f85-a4 > .kt-inside-inner-col,.kadence-column_e88f85-a4 > .kt-inside-inner-col:before{border-top-left-radius:0px;border-top-right-radius:0px;border-bottom-right-radius:0px;border-bottom-left-radius:0px;}.kadence-column_e88f85-a4 > .kt-inside-inner-col{column-gap:var(--global-kb-gap-sm, 1rem);}.kadence-column_e88f85-a4 > .kt-inside-inner-col{flex-direction:column;}.kadence-column_e88f85-a4 > .kt-inside-inner-col > .aligncenter{width:100%;}.kadence-column_e88f85-a4 > .kt-inside-inner-col:before{opacity:0.3;}.kadence-column_e88f85-a4{position:relative;}@media all and (max-width: 1024px){.kadence-column_e88f85-a4 > .kt-inside-inner-col{flex-direction:column;justify-content:center;}}@media all and (max-width: 767px){.kadence-column_e88f85-a4 > .kt-inside-inner-col{flex-direction:column;justify-content:center;}}<\/style>\n<div class=\"wp-block-kadence-column inner-column-2 kadence-column_e88f85-a4\"><div class=\"kt-inside-inner-col\"><style>.wp-block-kadence-advancedheading.kt-adv-heading_3ea22a-e3, .wp-block-kadence-advancedheading.kt-adv-heading_3ea22a-e3[data-kb-block=\"kb-adv-heading_3ea22a-e3\"]{margin-top:10px;margin-bottom:10px;text-align:center;font-size:24px;line-height:40px;font-weight:400;font-style:normal;font-family:'Archivo Black';}.wp-block-kadence-advancedheading.kt-adv-heading_3ea22a-e3 mark.kt-highlight, .wp-block-kadence-advancedheading.kt-adv-heading_3ea22a-e3[data-kb-block=\"kb-adv-heading_3ea22a-e3\"] mark.kt-highlight{font-style:normal;color:#f76a0c;-webkit-box-decoration-break:clone;box-decoration-break:clone;padding-top:0px;padding-right:0px;padding-bottom:0px;padding-left:0px;}.wp-block-kadence-advancedheading.kt-adv-heading_3ea22a-e3 img.kb-inline-image, .wp-block-kadence-advancedheading.kt-adv-heading_3ea22a-e3[data-kb-block=\"kb-adv-heading_3ea22a-e3\"] img.kb-inline-image{width:150px;vertical-align:baseline;}<\/style>\n<h4 class=\"kt-adv-heading_3ea22a-e3 wp-block-kadence-advancedheading\" data-kb-block=\"kb-adv-heading_3ea22a-e3\">Kard\u00fcz S\u00fczme \u00c7i\u00e7ek Bal\u0131<\/h4>\n\n\n\n<figure class=\"wp-block-image size-large is-resized\"><a href=\"http:\/\/duzaybir.com\/dzb\/wp-content\/uploads\/2022\/01\/DSC_8413-scaled.jpg\" target=\"_blank\" rel=\"noopener\"><img loading=\"lazy\" decoding=\"async\" src=\"http:\/\/duzaybir.com\/dzb\/wp-content\/uploads\/2022\/01\/DSC_8413-683x1024.jpg\" alt=\"\" class=\"wp-image-880\" width=\"479\" height=\"717\" srcset=\"http:\/\/duzaybir.com\/dzb\/wp-content\/uploads\/2022\/01\/DSC_8413-683x1024.jpg 683w, http:\/\/duzaybir.com\/dzb\/wp-content\/uploads\/2022\/01\/DSC_8413-200x300.jpg 200w, http:\/\/duzaybir.com\/dzb\/wp-content\/uploads\/2022\/01\/DSC_8413-768x1151.jpg 768w, http:\/\/duzaybir.com\/dzb\/wp-content\/uploads\/2022\/01\/DSC_8413-1025x1536.jpg 1025w, http:\/\/duzaybir.com\/dzb\/wp-content\/uploads\/2022\/01\/DSC_8413-1367x2048.jpg 1367w, http:\/\/duzaybir.com\/dzb\/wp-content\/uploads\/2022\/01\/DSC_8413-scaled.jpg 1708w\" sizes=\"auto, (max-width: 479px) 100vw, 479px\" \/><\/a><\/figure>\n<\/div><\/div>\n\n\n<style>.kadence-column_44ea13-cd > .kt-inside-inner-col{border-top-width:0px;border-right-width:0px;border-bottom-width:0px;border-left-width:0px;}.kadence-column_44ea13-cd > .kt-inside-inner-col,.kadence-column_44ea13-cd > .kt-inside-inner-col:before{border-top-left-radius:0px;border-top-right-radius:0px;border-bottom-right-radius:0px;border-bottom-left-radius:0px;}.kadence-column_44ea13-cd > .kt-inside-inner-col{column-gap:var(--global-kb-gap-sm, 1rem);}.kadence-column_44ea13-cd > .kt-inside-inner-col{flex-direction:column;}.kadence-column_44ea13-cd > .kt-inside-inner-col > .aligncenter{width:100%;}.kadence-column_44ea13-cd > .kt-inside-inner-col:before{opacity:0.3;}.kadence-column_44ea13-cd{position:relative;}@media all and (max-width: 1024px){.kadence-column_44ea13-cd > .kt-inside-inner-col{flex-direction:column;justify-content:center;}}@media all and (max-width: 767px){.kadence-column_44ea13-cd > .kt-inside-inner-col{flex-direction:column;justify-content:center;}}<\/style>\n<div class=\"wp-block-kadence-column inner-column-3 kadence-column_44ea13-cd\"><div class=\"kt-inside-inner-col\"><style>.wp-block-kadence-advancedheading.kt-adv-heading_8c34f3-cf, .wp-block-kadence-advancedheading.kt-adv-heading_8c34f3-cf[data-kb-block=\"kb-adv-heading_8c34f3-cf\"]{margin-top:10px;margin-bottom:10px;text-align:center;font-size:24px;line-height:40px;font-weight:400;font-style:normal;font-family:'Archivo Black';}.wp-block-kadence-advancedheading.kt-adv-heading_8c34f3-cf mark.kt-highlight, .wp-block-kadence-advancedheading.kt-adv-heading_8c34f3-cf[data-kb-block=\"kb-adv-heading_8c34f3-cf\"] mark.kt-highlight{font-style:normal;color:#f76a0c;-webkit-box-decoration-break:clone;box-decoration-break:clone;padding-top:0px;padding-right:0px;padding-bottom:0px;padding-left:0px;}.wp-block-kadence-advancedheading.kt-adv-heading_8c34f3-cf img.kb-inline-image, .wp-block-kadence-advancedheading.kt-adv-heading_8c34f3-cf[data-kb-block=\"kb-adv-heading_8c34f3-cf\"] img.kb-inline-image{width:150px;vertical-align:baseline;}<\/style>\n<h4 class=\"kt-adv-heading_8c34f3-cf wp-block-kadence-advancedheading\" data-kb-block=\"kb-adv-heading_8c34f3-cf\"> Kard\u00fcz S\u00fczme \u00c7am Bal\u0131<\/h4>\n\n\n<style>.wp-block-kadence-advancedheading.kt-adv-heading_df3cf7-17, .wp-block-kadence-advancedheading.kt-adv-heading_df3cf7-17[data-kb-block=\"kb-adv-heading_df3cf7-17\"]{margin-top:10px;margin-bottom:10px;text-align:center;font-size:24px;line-height:40px;font-weight:400;font-style:normal;font-family:'Archivo Black';}.wp-block-kadence-advancedheading.kt-adv-heading_df3cf7-17 mark.kt-highlight, .wp-block-kadence-advancedheading.kt-adv-heading_df3cf7-17[data-kb-block=\"kb-adv-heading_df3cf7-17\"] mark.kt-highlight{font-style:normal;color:#f76a0c;-webkit-box-decoration-break:clone;box-decoration-break:clone;padding-top:0px;padding-right:0px;padding-bottom:0px;padding-left:0px;}.wp-block-kadence-advancedheading.kt-adv-heading_df3cf7-17 img.kb-inline-image, .wp-block-kadence-advancedheading.kt-adv-heading_df3cf7-17[data-kb-block=\"kb-adv-heading_df3cf7-17\"] img.kb-inline-image{width:150px;vertical-align:baseline;}<\/style>\n<h4 class=\"kt-adv-heading_df3cf7-17 wp-block-kadence-advancedheading\" data-kb-block=\"kb-adv-heading_df3cf7-17\"><\/h4>\n\n\n\n<figure class=\"wp-block-image size-large is-resized\"><a href=\"http:\/\/duzaybir.com\/dzb\/wp-content\/uploads\/2022\/01\/DSC_8415-scaled.jpg\" target=\"_blank\" rel=\"noopener\"><img loading=\"lazy\" decoding=\"async\" src=\"http:\/\/duzaybir.com\/dzb\/wp-content\/uploads\/2022\/01\/DSC_8415-739x1024.jpg\" alt=\"\" class=\"wp-image-878\" width=\"366\" height=\"505\"\/><\/a><\/figure>\n<\/div><\/div>\n<\/div><\/div><\/div>\n\n\n<style>#kt-layout-id_ddc359-30 > .kt-row-column-wrap{align-content:start;}:where(#kt-layout-id_ddc359-30 > .kt-row-column-wrap) > .wp-block-kadence-column{justify-content:start;}#kt-layout-id_ddc359-30 > .kt-row-column-wrap{column-gap:var(--global-kb-gap-md, 2rem);row-gap:var(--global-kb-gap-md, 2rem);max-width:720px;padding-top:var( --global-kb-row-default-top, 25px );padding-bottom:var( --global-kb-row-default-bottom, 25px );padding-top:var(--global-kb-spacing-sm, 1.5rem);padding-bottom:var(--global-kb-spacing-sm, 1.5rem);grid-template-columns:minmax(0, calc(35% - ((var(--global-kb-gap-md, 2rem) * 2 )\/3)))minmax(0, calc(35% - ((var(--global-kb-gap-md, 2rem) * 2 )\/3)))minmax(0, calc(30% - ((var(--global-kb-gap-md, 2rem) * 2 )\/3)));}#kt-layout-id_ddc359-30 > .kt-row-layout-overlay{opacity:0.30;}@media all and (max-width: 1024px){#kt-layout-id_ddc359-30 > .kt-row-column-wrap > div:not(.added-for-specificity){grid-column:initial;}}@media all and (max-width: 1024px){#kt-layout-id_ddc359-30 > .kt-row-column-wrap{grid-template-columns:repeat(3, minmax(0, 1fr));}}@media all and (max-width: 767px){#kt-layout-id_ddc359-30 > .kt-row-column-wrap > div:not(.added-for-specificity){grid-column:initial;}#kt-layout-id_ddc359-30 > .kt-row-column-wrap{grid-template-columns:minmax(0, 1fr);}}<\/style>\n<div class=\"wp-block-kadence-rowlayout alignnone\"><div id=\"kt-layout-id_ddc359-30\" class=\"kt-row-layout-inner kt-layout-id_ddc359-30\"><div class=\"kt-row-column-wrap kt-has-3-columns kt-gutter-default kt-v-gutter-default kt-row-valign-top kt-row-layout-equal kt-tab-layout-inherit kt-m-colapse-left-to-right kt-mobile-layout-row  kt-custom-first-width-35  kt-custom-second-width-35  kt-custom-third-width-30 kb-theme-content-width\"><style>.kadence-column_999053-0c > .kt-inside-inner-col{border-top-width:0px;border-right-width:0px;border-bottom-width:0px;border-left-width:0px;}.kadence-column_999053-0c > .kt-inside-inner-col,.kadence-column_999053-0c > .kt-inside-inner-col:before{border-top-left-radius:0px;border-top-right-radius:0px;border-bottom-right-radius:0px;border-bottom-left-radius:0px;}.kadence-column_999053-0c > .kt-inside-inner-col{column-gap:var(--global-kb-gap-sm, 1rem);}.kadence-column_999053-0c > .kt-inside-inner-col{flex-direction:column;}.kadence-column_999053-0c > .kt-inside-inner-col > .aligncenter{width:100%;}.kadence-column_999053-0c > .kt-inside-inner-col:before{opacity:0.3;}.kadence-column_999053-0c{position:relative;}@media all and (max-width: 1024px){.kadence-column_999053-0c > .kt-inside-inner-col{flex-direction:column;justify-content:center;}}@media all and (max-width: 767px){.kadence-column_999053-0c > .kt-inside-inner-col{flex-direction:column;justify-content:center;}}<\/style>\n<div class=\"wp-block-kadence-column inner-column-1 kadence-column_999053-0c\"><div class=\"kt-inside-inner-col\"><style>.wp-block-kadence-advancedheading.kt-adv-heading_4bec1d-60, .wp-block-kadence-advancedheading.kt-adv-heading_4bec1d-60[data-kb-block=\"kb-adv-heading_4bec1d-60\"]{margin-top:10px;margin-bottom:10px;text-align:center;font-size:24px;line-height:40px;font-weight:400;font-style:normal;font-family:'Archivo Black';}.wp-block-kadence-advancedheading.kt-adv-heading_4bec1d-60 mark.kt-highlight, .wp-block-kadence-advancedheading.kt-adv-heading_4bec1d-60[data-kb-block=\"kb-adv-heading_4bec1d-60\"] mark.kt-highlight{font-style:normal;color:#f76a0c;-webkit-box-decoration-break:clone;box-decoration-break:clone;padding-top:0px;padding-right:0px;padding-bottom:0px;padding-left:0px;}.wp-block-kadence-advancedheading.kt-adv-heading_4bec1d-60 img.kb-inline-image, .wp-block-kadence-advancedheading.kt-adv-heading_4bec1d-60[data-kb-block=\"kb-adv-heading_4bec1d-60\"] img.kb-inline-image{width:150px;vertical-align:baseline;}<\/style>\n<h4 class=\"kt-adv-heading_4bec1d-60 wp-block-kadence-advancedheading\" data-kb-block=\"kb-adv-heading_4bec1d-60\"> Kervan Ye\u015filyayla S\u00fczme Yayla \u00c7i\u00e7ek Bal\u0131 <\/h4>\n\n\n\n<figure class=\"wp-block-image size-large is-resized\"><a href=\"http:\/\/duzaybir.com\/dzb\/wp-content\/uploads\/2022\/01\/DSC_8420-1-scaled.jpg\" target=\"_blank\" rel=\"noopener\"><img loading=\"lazy\" decoding=\"async\" src=\"http:\/\/duzaybir.com\/dzb\/wp-content\/uploads\/2022\/01\/DSC_8420-1-699x1024.jpg\" alt=\"\" class=\"wp-image-889\" width=\"341\" height=\"498\"\/><\/a><\/figure>\n<\/div><\/div>\n\n\n<style>.kadence-column_0d397c-f2 > .kt-inside-inner-col{border-top-width:0px;border-right-width:0px;border-bottom-width:0px;border-left-width:0px;}.kadence-column_0d397c-f2 > .kt-inside-inner-col,.kadence-column_0d397c-f2 > .kt-inside-inner-col:before{border-top-left-radius:0px;border-top-right-radius:0px;border-bottom-right-radius:0px;border-bottom-left-radius:0px;}.kadence-column_0d397c-f2 > .kt-inside-inner-col{column-gap:var(--global-kb-gap-sm, 1rem);}.kadence-column_0d397c-f2 > .kt-inside-inner-col{flex-direction:column;}.kadence-column_0d397c-f2 > .kt-inside-inner-col > .aligncenter{width:100%;}.kadence-column_0d397c-f2 > .kt-inside-inner-col:before{opacity:0.3;}.kadence-column_0d397c-f2{position:relative;}@media all and (max-width: 1024px){.kadence-column_0d397c-f2 > .kt-inside-inner-col{flex-direction:column;justify-content:center;}}@media all and (max-width: 767px){.kadence-column_0d397c-f2 > .kt-inside-inner-col{flex-direction:column;justify-content:center;}}<\/style>\n<div class=\"wp-block-kadence-column inner-column-2 kadence-column_0d397c-f2\"><div class=\"kt-inside-inner-col\"><style>.wp-block-kadence-advancedheading.kt-adv-heading_d86ed0-7f, .wp-block-kadence-advancedheading.kt-adv-heading_d86ed0-7f[data-kb-block=\"kb-adv-heading_d86ed0-7f\"]{margin-top:10px;margin-bottom:10px;text-align:center;font-size:24px;line-height:40px;font-weight:400;font-style:normal;font-family:'Archivo Black';}.wp-block-kadence-advancedheading.kt-adv-heading_d86ed0-7f mark.kt-highlight, .wp-block-kadence-advancedheading.kt-adv-heading_d86ed0-7f[data-kb-block=\"kb-adv-heading_d86ed0-7f\"] mark.kt-highlight{font-style:normal;color:#f76a0c;-webkit-box-decoration-break:clone;box-decoration-break:clone;padding-top:0px;padding-right:0px;padding-bottom:0px;padding-left:0px;}.wp-block-kadence-advancedheading.kt-adv-heading_d86ed0-7f img.kb-inline-image, .wp-block-kadence-advancedheading.kt-adv-heading_d86ed0-7f[data-kb-block=\"kb-adv-heading_d86ed0-7f\"] img.kb-inline-image{width:150px;vertical-align:baseline;}<\/style>\n<h4 class=\"kt-adv-heading_d86ed0-7f wp-block-kadence-advancedheading\" data-kb-block=\"kb-adv-heading_d86ed0-7f\"> Kervan Ye\u015filyayla S\u00fczme Yayla \u00c7i\u00e7ek Bal\u0131 <\/h4>\n\n\n\n<figure class=\"wp-block-image size-large is-resized\"><a href=\"http:\/\/duzaybir.com\/dzb\/wp-content\/uploads\/2022\/01\/DSC_8416-1-scaled.jpg\" target=\"_blank\" rel=\"noopener\"><img loading=\"lazy\" decoding=\"async\" src=\"http:\/\/duzaybir.com\/dzb\/wp-content\/uploads\/2022\/01\/DSC_8416-1-703x1024.jpg\" alt=\"\" class=\"wp-image-898\" width=\"317\" height=\"461\" srcset=\"http:\/\/duzaybir.com\/dzb\/wp-content\/uploads\/2022\/01\/DSC_8416-1-703x1024.jpg 703w, http:\/\/duzaybir.com\/dzb\/wp-content\/uploads\/2022\/01\/DSC_8416-1-206x300.jpg 206w, http:\/\/duzaybir.com\/dzb\/wp-content\/uploads\/2022\/01\/DSC_8416-1-768x1119.jpg 768w, http:\/\/duzaybir.com\/dzb\/wp-content\/uploads\/2022\/01\/DSC_8416-1-1054x1536.jpg 1054w, http:\/\/duzaybir.com\/dzb\/wp-content\/uploads\/2022\/01\/DSC_8416-1-1406x2048.jpg 1406w, http:\/\/duzaybir.com\/dzb\/wp-content\/uploads\/2022\/01\/DSC_8416-1-scaled.jpg 1757w\" sizes=\"auto, (max-width: 317px) 100vw, 317px\" \/><\/a><\/figure>\n<\/div><\/div>\n\n\n<style>.kadence-column_e4044d-84 > .kt-inside-inner-col{border-top-width:0px;border-right-width:0px;border-bottom-width:0px;border-left-width:0px;}.kadence-column_e4044d-84 > .kt-inside-inner-col,.kadence-column_e4044d-84 > .kt-inside-inner-col:before{border-top-left-radius:0px;border-top-right-radius:0px;border-bottom-right-radius:0px;border-bottom-left-radius:0px;}.kadence-column_e4044d-84 > .kt-inside-inner-col{column-gap:var(--global-kb-gap-sm, 1rem);}.kadence-column_e4044d-84 > .kt-inside-inner-col{flex-direction:column;}.kadence-column_e4044d-84 > .kt-inside-inner-col > .aligncenter{width:100%;}.kadence-column_e4044d-84 > .kt-inside-inner-col:before{opacity:0.3;}.kadence-column_e4044d-84{position:relative;}@media all and (max-width: 1024px){.kadence-column_e4044d-84 > .kt-inside-inner-col{flex-direction:column;justify-content:center;}}@media all and (max-width: 767px){.kadence-column_e4044d-84 > .kt-inside-inner-col{flex-direction:column;justify-content:center;}}<\/style>\n<div class=\"wp-block-kadence-column inner-column-3 kadence-column_e4044d-84\"><div class=\"kt-inside-inner-col\">\n<p><\/p>\n\n\n\n<p><\/p>\n\n\n\n<p><\/p>\n\n\n<style>.wp-block-kadence-advancedheading.kt-adv-heading_b1440b-bf, .wp-block-kadence-advancedheading.kt-adv-heading_b1440b-bf[data-kb-block=\"kb-adv-heading_b1440b-bf\"]{margin-top:10px;margin-bottom:10px;text-align:center;font-size:24px;line-height:40px;font-weight:400;font-style:normal;font-family:'Archivo Black';}.wp-block-kadence-advancedheading.kt-adv-heading_b1440b-bf mark.kt-highlight, .wp-block-kadence-advancedheading.kt-adv-heading_b1440b-bf[data-kb-block=\"kb-adv-heading_b1440b-bf\"] mark.kt-highlight{font-style:normal;color:#f76a0c;-webkit-box-decoration-break:clone;box-decoration-break:clone;padding-top:0px;padding-right:0px;padding-bottom:0px;padding-left:0px;}.wp-block-kadence-advancedheading.kt-adv-heading_b1440b-bf img.kb-inline-image, .wp-block-kadence-advancedheading.kt-adv-heading_b1440b-bf[data-kb-block=\"kb-adv-heading_b1440b-bf\"] img.kb-inline-image{width:150px;vertical-align:baseline;}<\/style>\n<h4 class=\"kt-adv-heading_b1440b-bf wp-block-kadence-advancedheading\" data-kb-block=\"kb-adv-heading_b1440b-bf\">Polen<\/h4>\n\n\n\n<figure class=\"wp-block-image size-large is-resized\"><a href=\"http:\/\/duzaybir.com\/dzb\/wp-content\/uploads\/2022\/01\/DSC_8414-scaled.jpg\" target=\"_blank\" rel=\"noopener\"><img loading=\"lazy\" decoding=\"async\" src=\"http:\/\/duzaybir.com\/dzb\/wp-content\/uploads\/2022\/01\/DSC_8414-683x1024.jpg\" alt=\"\" class=\"wp-image-891\" width=\"407\" height=\"608\"\/><\/a><\/figure>\n<\/div><\/div>\n<\/div><\/div><\/div>\n","protected":false},"excerpt":{"rendered":"<p>D\u00fczaybir Ak\u00e7akoca Kestane Bal\u0131 Kard\u00fcz S\u00fczme \u00c7i\u00e7ek Bal\u0131 Kard\u00fcz S\u00fczme \u00c7am Bal\u0131 Kervan Ye\u015filyayla S\u00fczme Yayla \u00c7i\u00e7ek Bal\u0131 Kervan Ye\u015filyayla S\u00fczme Yayla \u00c7i\u00e7ek Bal\u0131 Polen<\/p>\n","protected":false},"author":1,"featured_media":0,"parent":0,"menu_order":0,"comment_status":"closed","ping_status":"closed","template":"","meta":{"footnotes":""},"class_list":["post-875","page","type-page","status-publish","hentry"],"_links":{"self":[{"href":"http:\/\/duzaybir.com\/dzb\/wp-json\/wp\/v2\/pages\/875","targetHints":{"allow":["GET"]}}],"collection":[{"href":"http:\/\/duzaybir.com\/dzb\/wp-json\/wp\/v2\/pages"}],"about":[{"href":"http:\/\/duzaybir.com\/dzb\/wp-json\/wp\/v2\/types\/page"}],"author":[{"embeddable":true,"href":"http:\/\/duzaybir.com\/dzb\/wp-json\/wp\/v2\/users\/1"}],"replies":[{"embeddable":true,"href":"http:\/\/duzaybir.com\/dzb\/wp-json\/wp\/v2\/comments?post=875"}],"version-history":[{"count":51,"href":"http:\/\/duzaybir.com\/dzb\/wp-json\/wp\/v2\/pages\/875\/revisions"}],"predecessor-version":[{"id":951,"href":"http:\/\/duzaybir.com\/dzb\/wp-json\/wp\/v2\/pages\/875\/revisions\/951"}],"wp:attachment":[{"href":"http:\/\/duzaybir.com\/dzb\/wp-json\/wp\/v2\/media?parent=875"}],"curies":[{"name":"wp","href":"https:\/\/api.w.org\/{rel}","templated":true}]}}