{"id":680,"date":"2019-12-16T12:46:26","date_gmt":"2019-12-16T12:46:26","guid":{"rendered":"http:\/\/duzaybir.com\/dzb\/?page_id=680"},"modified":"2019-12-16T13:55:17","modified_gmt":"2019-12-16T13:55:17","slug":"tarimsal-danismanlik","status":"publish","type":"page","link":"http:\/\/duzaybir.com\/dzb\/tarimsal-danismanlik\/","title":{"rendered":"Tar\u0131msal Dan\u0131\u015fmanl\u0131k"},"content":{"rendered":"\n<h4 class=\"wp-block-heading\">TARIMSAL YAYIM VE DANI\u015eMANLIK NED\u0130R ?<\/h4>\n\n\n\n<p>\u00c7ift\u00e7ilere e\u011fitim vererek tar\u0131msal \u00fcretimin geli\u015ftirilmesinde , \u00fcretim de etkinli\u011fin ve tar\u0131msal gelirin art\u0131r\u0131lmas\u0131nda , hayat standartlar\u0131n\u0131n iyile\u015ftirilmesinde , k\u0131rsal hayat\u0131n sosyal ve e\u011fitimsel seviyesinin y\u00fckseltilmesinde yard\u0131mc\u0131 olan bir hizmet veya sistemdir. \u00c7ift\u00e7inin ya\u015fad\u0131\u011f\u0131 ve faaliyet g\u00f6sterdi\u011fi b\u00fct\u00fcn alanlar, tar\u0131msal yay\u0131m ve dan\u0131\u015fmanl\u0131k konusuna dahildir.<\/p>\n\n\n\n<h4 class=\"wp-block-heading\">TARIMSAL YAYIM VE DANI\u015eMANLI\u011eIN AMA\u00c7LARI<\/h4>\n\n\n\n<ul class=\"wp-block-list\"><li>Tar\u0131m \u00fcretimi yapan ki\u015filerin bilgi ve beceri d\u00fczeyinin art\u0131r\u0131lmas\u0131,<\/li><li>\u00dcretim ve i\u015fletme maliyetleri d\u00fc\u015f\u00fclmesi, verimin ve kalitenin y\u00fckseltilmesi,<\/li><li>Tar\u0131mdan ge\u00e7imini sa\u011flayan ki\u015filerin refah ve gelir d\u00fczeyinin artt\u0131r\u0131lmas\u0131,<\/li><li>T\u00fcketiciler a\u00e7\u0131s\u0131ndan daha g\u00fcvenli g\u0131da t\u00fcketilmesidir.<\/li><li>Tar\u0131msal destekler hakk\u0131nda \u00e7ift\u00e7ilerimize yol g\u00f6stermek,&nbsp;<\/li><li>Tar\u0131mda ya\u015fanan h\u0131zl\u0131 geli\u015fme ve de\u011fi\u015fimlerden haberdar etmek,<\/li><\/ul>\n\n\n\n<p><strong>Tar\u0131msal Dan\u0131\u015fmanl\u0131k Mevzuat\u0131<\/strong><\/p>\n\n\n\n<p><a rel=\"noreferrer noopener\" aria-label=\" (yeni sekmede a\u00e7\u0131l\u0131r)\" target=\"_blank\" href=\"http:\/\/duzaybir.com\/dzb\/wp-content\/uploads\/2019\/12\/20150216_154_5118677020.pdf\"><strong>TARIMSAL DANI\u015eMANLIK UYGULAMA Y\u00d6NETMEL\u0130\u011e\u0130<\/strong><\/a> <br><\/p>\n\n\n\n<div class=\"wp-block-columns is-layout-flex wp-container-core-columns-is-layout-9d6595d7 wp-block-columns-is-layout-flex\">\n<div class=\"wp-block-column is-layout-flow wp-block-column-is-layout-flow\"><style>.wp-block-kadence-column.kb-section-dir-horizontal > .kt-inside-inner-col > #kt-info-box_13cbca-87 .kt-blocks-info-box-link-wrap{max-width:unset;}#kt-info-box_13cbca-87 .kt-blocks-info-box-link-wrap{border-color:#ffffff;border-radius:30px;border-top-width:5px;border-right-width:5px;border-bottom-width:5px;border-left-width:5px;background:#ffffff;padding-top:16px;padding-right:16px;padding-bottom:16px;padding-left:16px;}#kt-info-box_13cbca-87 .kt-blocks-info-box-link-wrap:hover{background:#ffffff;}#kt-info-box_13cbca-87.wp-block-kadence-infobox{max-width:100%;}#kt-info-box_13cbca-87 .kadence-info-box-image-inner-intrisic-container{max-width:600px;}#kt-info-box_13cbca-87 .kadence-info-box-image-inner-intrisic-container .kadence-info-box-image-intrisic{padding-bottom:72.6667%;width:300px;height:0px;max-width:100%;}#kt-info-box_13cbca-87 .kadence-info-box-icon-container .kt-info-svg-icon, #kt-info-box_13cbca-87 .kt-info-svg-icon-flip, #kt-info-box_13cbca-87 .kt-blocks-info-box-number{font-size:50px;}#kt-info-box_13cbca-87 .kt-blocks-info-box-media{background:transparent;border-color:#444444;border-radius:24px;overflow:hidden;border-top-width:0px;border-right-width:0px;border-bottom-width:0px;border-left-width:0px;padding-top:10px;padding-right:10px;padding-bottom:10px;padding-left:10px;}#kt-info-box_13cbca-87 .kt-blocks-info-box-media-container{margin-top:0px;margin-right:15px;margin-bottom:0px;margin-left:15px;}#kt-info-box_13cbca-87 .kt-blocks-info-box-media .kadence-info-box-image-intrisic img{border-radius:24px;}#kt-info-box_13cbca-87 .kt-blocks-info-box-link-wrap:hover .kt-blocks-info-box-media{background:transparent;border-color:#444444;}#kt-info-box_13cbca-87 .kt-blocks-info-box-link-wrap .kt-blocks-info-box-media{border-width:0px;box-shadow:inset 0 0 0 0px #444444;}#kt-info-box_13cbca-87 .kt-blocks-info-box-link-wrap .kt-blocks-info-box-media:before, #kt-info-box_13cbca-87 .kt-blocks-info-box-link-wrap .kt-blocks-info-box-media:after{border-radius:24px;}#kt-info-box_13cbca-87 .kt-blocks-info-box-link-wrap .kt-blocks-info-box-media:before{border-width:0px;}#kt-info-box_13cbca-87 .kt-blocks-info-box-link-wrap:hover .kt-blocks-info-box-media:after{border-right-color:#444444;border-right-width:0px;border-top-width:0px;border-bottom-width:0px;}#kt-info-box_13cbca-87 .kt-blocks-info-box-link-wrap:hover .kt-blocks-info-box-media:before{border-top-color:#444444;border-right-color:#444444;border-bottom-color:#444444;}#kt-info-box_13cbca-87 .kt-infobox-textcontent h2.kt-blocks-info-box-title{padding-top:0px;padding-right:0px;padding-bottom:0px;padding-left:0px;margin-top:5px;margin-right:0px;margin-bottom:10px;margin-left:0px;}#kt-info-box_13cbca-87 .kt-blocks-info-box-learnmore{color:#444444;background:#ffffff;border-color:#444444;border-width:1px 0px 0px 0px;padding-top:4px;padding-right:8px;padding-bottom:4px;padding-left:8px;margin-top:10px;margin-right:0px;margin-bottom:10px;margin-left:0px;}#kt-info-box_13cbca-87 .kt-blocks-info-box-link-wrap:hover .kt-blocks-info-box-learnmore,#kt-info-box_13cbca-87 .kt-blocks-info-box-link-wrap .kt-blocks-info-box-learnmore:focus{color:#222222;background:#ffffff;border-color:#222222;}#kt-info-box_13cbca-87 .kt-blocks-info-box-link-wrap{box-shadow:0px 0px 0px 0px rgba(0, 0, 0, 0);}#kt-info-box_13cbca-87 .kt-blocks-info-box-link-wrap:hover{box-shadow:0px 0px 14px 0px rgba(0, 0, 0, 0.2);}@media all and (max-width: 1024px){#kt-info-box_13cbca-87 .kt-blocks-info-box-link-wrap{box-shadow:0px 0px 0px 0px rgba(0, 0, 0, 0);}}@media all and (max-width: 1024px){#kt-info-box_13cbca-87 .kt-blocks-info-box-link-wrap:hover{box-shadow:0px 0px 14px 0px rgba(0, 0, 0, 0.2);}}@media all and (max-width: 767px){#kt-info-box_13cbca-87 .kt-blocks-info-box-link-wrap{box-shadow:0px 0px 0px 0px rgba(0, 0, 0, 0);}#kt-info-box_13cbca-87 .kt-blocks-info-box-link-wrap:hover{box-shadow:0px 0px 14px 0px rgba(0, 0, 0, 0.2);}}<\/style>\n<div id=\"kt-info-box_13cbca-87\" class=\"wp-block-kadence-infobox\"><a class=\"kt-blocks-info-box-link-wrap kt-blocks-info-box-media-align-top kt-info-halign-center\" target=\"_blank\" rel=\"noopener noreferrer\" href=\"http:\/\/duzaybir.com\/dzb\/wp-content\/uploads\/2019\/12\/20150407_216_5149042010-1.jpeg\"><div class=\"kt-blocks-info-box-media-container\"><div class=\"kt-blocks-info-box-media kt-info-media-animate-drawborder\"><div class=\"kadence-info-box-image-inner-intrisic-container\" style=\"max-width:600px\"><div class=\"kadence-info-box-image-intrisic kt-info-animate-drawborder\" style=\"padding-bottom:72.66666666666667%;height:0;width:300px;max-width:100%\"><div class=\"kadence-info-box-image-inner-intrisic\"><img loading=\"lazy\" decoding=\"async\" src=\"http:\/\/duzaybir.com\/dzb\/wp-content\/uploads\/2019\/12\/20150407_216_5149042010-1-300x218.jpeg\" alt=\"\" width=\"300\" height=\"218\" class=\"kt-info-box-image wp-image-690 \" srcset=\"http:\/\/duzaybir.com\/dzb\/wp-content\/uploads\/2019\/12\/20150407_216_5149042010-1-300x218.jpeg 300w, http:\/\/duzaybir.com\/dzb\/wp-content\/uploads\/2019\/12\/20150407_216_5149042010-1.jpeg 600w\" sizes=\"auto, (max-width: 300px) 100vw, 300px\" \/><\/div><\/div><\/div><\/div><\/div><div class=\"kt-infobox-textcontent\"><h2 class=\"kt-blocks-info-box-title\">Uzman\u0131m\u0131z\u0131n Tar\u0131msal Dan\u0131\u015fmanl\u0131k Sertifikas\u0131<\/h2><p class=\"kt-blocks-info-box-text\"><\/p><div class=\"kt-blocks-info-box-learnmore-wrap\"><span class=\"kt-blocks-info-box-learnmore\"><\/span><\/div><\/div><\/a><\/div>\n<\/div>\n\n\n\n<div class=\"wp-block-column is-layout-flow wp-block-column-is-layout-flow\"><style>.wp-block-kadence-column.kb-section-dir-horizontal > .kt-inside-inner-col > #kt-info-box_e019bc-ad .kt-blocks-info-box-link-wrap{max-width:unset;}#kt-info-box_e019bc-ad .kt-blocks-info-box-link-wrap{border-color:#ffffff;border-radius:26px;border-top-width:5px;border-right-width:5px;border-bottom-width:5px;border-left-width:5px;background:#ffffff;padding-top:20px;padding-right:20px;padding-bottom:20px;padding-left:20px;}#kt-info-box_e019bc-ad .kt-blocks-info-box-link-wrap:hover{background:#ffffff;}#kt-info-box_e019bc-ad.wp-block-kadence-infobox{max-width:100%;}#kt-info-box_e019bc-ad .kadence-info-box-image-inner-intrisic-container{max-width:600px;}#kt-info-box_e019bc-ad .kadence-info-box-image-inner-intrisic-container .kadence-info-box-image-intrisic{padding-bottom:72.6667%;width:300px;height:0px;max-width:100%;}#kt-info-box_e019bc-ad .kadence-info-box-icon-container .kt-info-svg-icon, #kt-info-box_e019bc-ad .kt-info-svg-icon-flip, #kt-info-box_e019bc-ad .kt-blocks-info-box-number{font-size:50px;}#kt-info-box_e019bc-ad .kt-blocks-info-box-media{background:transparent;border-color:#444444;border-radius:12px;overflow:hidden;border-top-width:0px;border-right-width:0px;border-bottom-width:0px;border-left-width:0px;padding-top:10px;padding-right:10px;padding-bottom:10px;padding-left:10px;}#kt-info-box_e019bc-ad .kt-blocks-info-box-media-container{margin-top:0px;margin-right:15px;margin-bottom:0px;margin-left:15px;}#kt-info-box_e019bc-ad .kt-blocks-info-box-media .kadence-info-box-image-intrisic img{border-radius:12px;}#kt-info-box_e019bc-ad .kt-blocks-info-box-link-wrap:hover .kt-blocks-info-box-media{background:transparent;border-color:#444444;}#kt-info-box_e019bc-ad .kt-infobox-textcontent h2.kt-blocks-info-box-title{padding-top:0px;padding-right:0px;padding-bottom:0px;padding-left:0px;margin-top:5px;margin-right:0px;margin-bottom:10px;margin-left:0px;}#kt-info-box_e019bc-ad .kt-blocks-info-box-learnmore{color:#444444;background:#ffffff;border-color:#444444;border-width:1px 0px 0px 0px;padding-top:4px;padding-right:8px;padding-bottom:4px;padding-left:8px;margin-top:10px;margin-right:0px;margin-bottom:10px;margin-left:0px;}#kt-info-box_e019bc-ad .kt-blocks-info-box-link-wrap:hover .kt-blocks-info-box-learnmore,#kt-info-box_e019bc-ad .kt-blocks-info-box-link-wrap .kt-blocks-info-box-learnmore:focus{color:#222222;background:#ffffff;border-color:#222222;}<\/style>\n<div id=\"kt-info-box_e019bc-ad\" class=\"wp-block-kadence-infobox\"><a class=\"kt-blocks-info-box-link-wrap kt-blocks-info-box-media-align-top kt-info-halign-center\" target=\"_blank\" rel=\"noopener noreferrer\" href=\"http:\/\/duzaybir.com\/dzb\/wp-content\/uploads\/2019\/12\/20150407_216_3689996600.jpeg\"><div class=\"kt-blocks-info-box-media-container\"><div class=\"kt-blocks-info-box-media kt-info-media-animate-none\"><div class=\"kadence-info-box-image-inner-intrisic-container\" style=\"max-width:600px\"><div class=\"kadence-info-box-image-intrisic kt-info-animate-none\" style=\"padding-bottom:72.66666666666667%;height:0;width:300px;max-width:100%\"><div class=\"kadence-info-box-image-inner-intrisic\"><img loading=\"lazy\" decoding=\"async\" src=\"http:\/\/duzaybir.com\/dzb\/wp-content\/uploads\/2019\/12\/20150407_216_3689996600-300x218.jpeg\" alt=\"\" width=\"300\" height=\"218\" class=\"kt-info-box-image wp-image-689 \" srcset=\"http:\/\/duzaybir.com\/dzb\/wp-content\/uploads\/2019\/12\/20150407_216_3689996600-300x218.jpeg 300w, http:\/\/duzaybir.com\/dzb\/wp-content\/uploads\/2019\/12\/20150407_216_3689996600.jpeg 600w\" sizes=\"auto, (max-width: 300px) 100vw, 300px\" \/><\/div><\/div><\/div><\/div><\/div><div class=\"kt-infobox-textcontent\"><h2 class=\"kt-blocks-info-box-title\">Tar\u0131msal Dan\u0131\u015fmanl\u0131k Yetki Belgesi<\/h2><p class=\"kt-blocks-info-box-text\"><\/p><div class=\"kt-blocks-info-box-learnmore-wrap\"><span class=\"kt-blocks-info-box-learnmore\"><\/span><\/div><\/div><\/a><\/div>\n<\/div>\n<\/div>\n\n\n\n<p> <strong><a rel=\"noreferrer noopener\" aria-label=\"T\u00dcRK\u0130YE CUMHUR\u0130YET\u0130 TARIM VE ORMAN BAKANLI\u011eI \n E\u011fitim ve Yay\u0131n Dairesi Ba\u015fkanl\u0131\u011f\u0131  (yeni sekmede a\u00e7\u0131l\u0131r)\" href=\"https:\/\/www.tarimorman.gov.tr\/EYYDB\" target=\"_blank\">T\u00dcRK\u0130YE CUMHUR\u0130YET\u0130 TARIM VE ORMAN BAKANLI\u011eI <br> E\u011fitim ve Yay\u0131n Dairesi Ba\u015fkanl\u0131\u011f\u0131 Web Sitesi <\/a><\/strong><\/p>\n","protected":false},"excerpt":{"rendered":"<p>TARIMSAL YAYIM VE DANI\u015eMANLIK NED\u0130R ? \u00c7ift\u00e7ilere e\u011fitim vererek tar\u0131msal \u00fcretimin geli\u015ftirilmesinde , \u00fcretim de etkinli\u011fin ve tar\u0131msal gelirin art\u0131r\u0131lmas\u0131nda , hayat standartlar\u0131n\u0131n iyile\u015ftirilmesinde , k\u0131rsal hayat\u0131n sosyal ve e\u011fitimsel seviyesinin y\u00fckseltilmesinde yard\u0131mc\u0131 olan bir hizmet veya sistemdir. \u00c7ift\u00e7inin ya\u015fad\u0131\u011f\u0131<\/p>\n","protected":false},"author":1,"featured_media":0,"parent":0,"menu_order":0,"comment_status":"closed","ping_status":"closed","template":"","meta":{"footnotes":""},"class_list":["post-680","page","type-page","status-publish","hentry"],"_links":{"self":[{"href":"http:\/\/duzaybir.com\/dzb\/wp-json\/wp\/v2\/pages\/680","targetHints":{"allow":["GET"]}}],"collection":[{"href":"http:\/\/duzaybir.com\/dzb\/wp-json\/wp\/v2\/pages"}],"about":[{"href":"http:\/\/duzaybir.com\/dzb\/wp-json\/wp\/v2\/types\/page"}],"author":[{"embeddable":true,"href":"http:\/\/duzaybir.com\/dzb\/wp-json\/wp\/v2\/users\/1"}],"replies":[{"embeddable":true,"href":"http:\/\/duzaybir.com\/dzb\/wp-json\/wp\/v2\/comments?post=680"}],"version-history":[{"count":10,"href":"http:\/\/duzaybir.com\/dzb\/wp-json\/wp\/v2\/pages\/680\/revisions"}],"predecessor-version":[{"id":701,"href":"http:\/\/duzaybir.com\/dzb\/wp-json\/wp\/v2\/pages\/680\/revisions\/701"}],"wp:attachment":[{"href":"http:\/\/duzaybir.com\/dzb\/wp-json\/wp\/v2\/media?parent=680"}],"curies":[{"name":"wp","href":"https:\/\/api.w.org\/{rel}","templated":true}]}}