{"id":608,"date":"2019-12-15T15:16:56","date_gmt":"2019-12-15T15:16:56","guid":{"rendered":"http:\/\/duzaybir.com\/dzb\/?page_id=608"},"modified":"2019-12-15T21:50:02","modified_gmt":"2019-12-15T21:50:02","slug":"fotograf-galerisi","status":"publish","type":"page","link":"http:\/\/duzaybir.com\/dzb\/fotograf-galerisi\/","title":{"rendered":"Foto\u011fraf Galerisi"},"content":{"rendered":"\n\t\t\t\t\t\t\t\t<div class=\"pgcu-posts pgcu-theme-1 \"\n\t\t\t\t\t\t\t\t>\n\n\t\t\t\t\t\n\n    \t\t\t\t<div class=\"pgcu-row pgcu-column-3 pgcu-column-md-2 pgcu-column-sm-1\" style=\"\n\t\t\t\t\t--pgcu-titleColor: #33330E;\n    \t\t\t\t--pgcu-titleColorHover: #1289A7;\n\t\t\t\t\t--pgcu-excerptColor: #6e7387;\n\t\t\t\t\t--pgcu-readMoreColor: #33330E;\n    \t\t\t\t--pgcu-readMoreColorHover: #dd3333;\n\t\t\t\t\t--pgcu-buttonFontSize: 14px;\n\t\t\t\t\t--pgcu-buttonColor: #030213;\n\t\t\t\t\t--pgcu-buttonColorHover: #ffffff;\n\t\t\t\t\t--pgcu-buttonBg: #EFEFEF;\n\t\t\t\t\t--pgcu-buttonBgHover: #030213;\n\t\t\t\t\">\n\n\t\t\t\t\t\t\n<div class=\"pgcu-post pgcu-post--rounded-border \">\n    <div class=\"pgcu-post__content\">\n\n                    <div class=\"pgcu-post__img\">\n                <a href=\"http:\/\/duzaybir.com\/dzb\/portfolio\/aricilik-kursu\/\">\n                    <img decoding=\"async\" src=\"http:\/\/duzaybir.com\/dzb\/wp-content\/uploads\/2019\/12\/20130319_204_5539972186-2-300x200.jpg\" alt=\"ARICILIK KURSU\">\n                <\/a>\n            <\/div>\n        \n        <div class=\"pgcu-post__details\">\n\n                            <h2 class=\"pgcu-post__title\">\n                    <a href=\"http:\/\/duzaybir.com\/dzb\/portfolio\/aricilik-kursu\/\">ARICILIK KURSU<\/a> \n                <\/h2>\n            \n            <ul class=\"pgcu-post__meta pgcu-post__meta--dots\">\n\n                                \n                    \n\n            <\/ul>\n\n                            <p class=\"pgcu-post__excerpt\">\n                                <\/p>\n            \n            \n        <\/div><!-- ends: .pgcu-post__details -->\n    <\/div><!-- ends: .pgcu-post__content -->\n<\/div><!-- ends: .pgcu-post -->\n\n<div class=\"pgcu-post pgcu-post--rounded-border \">\n    <div class=\"pgcu-post__content\">\n\n                    <div class=\"pgcu-post__img\">\n                <a href=\"http:\/\/duzaybir.com\/dzb\/portfolio\/2013-istanbul-bal-ve-ari-urunleri-fuari\/\">\n                    <img decoding=\"async\" src=\"http:\/\/duzaybir.com\/dzb\/wp-content\/uploads\/2019\/12\/20131125_210_4625665546-2-300x200.jpg\" alt=\"2013 \u0130STANBUL BAL VE ARI \u00dcR\u00dcNLER\u0130 FUARI\">\n                <\/a>\n            <\/div>\n        \n        <div class=\"pgcu-post__details\">\n\n                            <h2 class=\"pgcu-post__title\">\n                    <a href=\"http:\/\/duzaybir.com\/dzb\/portfolio\/2013-istanbul-bal-ve-ari-urunleri-fuari\/\">2013 \u0130STANBUL BAL VE ARI \u00dcR\u00dcNLER\u0130 FUARI<\/a> \n                <\/h2>\n            \n            <ul class=\"pgcu-post__meta pgcu-post__meta--dots\">\n\n                                \n                    \n\n            <\/ul>\n\n                            <p class=\"pgcu-post__excerpt\">\n                                <\/p>\n            \n            \n        <\/div><!-- ends: .pgcu-post__details -->\n    <\/div><!-- ends: .pgcu-post__content -->\n<\/div><!-- ends: .pgcu-post -->\n\t\t\t\t\t\t\n\t\t\t\t\t<\/div>\n\n\t\t\t\t\t\t<!-- .pgcu-pagination--left\/.pgcu-pagination--right -->\n<div class=\"pgcu-pagination\" style=\"\n    --pgcu-pagColor: #000000;\n    --pgcu-pagColorHover: #FF0000;\n    --pgcu-pagBorderColor: #e4e4e4;\n    --pgcu-pagBorderColorHover: #ff5500;\n    --pgcu-pagBgColor: #fff;\n    --pgcu-pagBgColorHover: #ff5500;\n    --pgcu-pagActiveColor: #ffffff;\n    --pgcu-pagActiveBorderColor: #ff5500;\n    --pgcu-pagActiveBgColor: #dda146;\n\">\n    <\/div>\n\t\t\t\t<\/div>\n\n\n\t\t\t\n","protected":false},"excerpt":{"rendered":"","protected":false},"author":1,"featured_media":0,"parent":0,"menu_order":0,"comment_status":"closed","ping_status":"closed","template":"","meta":{"footnotes":""},"class_list":["post-608","page","type-page","status-publish","hentry"],"_links":{"self":[{"href":"http:\/\/duzaybir.com\/dzb\/wp-json\/wp\/v2\/pages\/608","targetHints":{"allow":["GET"]}}],"collection":[{"href":"http:\/\/duzaybir.com\/dzb\/wp-json\/wp\/v2\/pages"}],"about":[{"href":"http:\/\/duzaybir.com\/dzb\/wp-json\/wp\/v2\/types\/page"}],"author":[{"embeddable":true,"href":"http:\/\/duzaybir.com\/dzb\/wp-json\/wp\/v2\/users\/1"}],"replies":[{"embeddable":true,"href":"http:\/\/duzaybir.com\/dzb\/wp-json\/wp\/v2\/comments?post=608"}],"version-history":[{"count":6,"href":"http:\/\/duzaybir.com\/dzb\/wp-json\/wp\/v2\/pages\/608\/revisions"}],"predecessor-version":[{"id":674,"href":"http:\/\/duzaybir.com\/dzb\/wp-json\/wp\/v2\/pages\/608\/revisions\/674"}],"wp:attachment":[{"href":"http:\/\/duzaybir.com\/dzb\/wp-json\/wp\/v2\/media?parent=608"}],"curies":[{"name":"wp","href":"https:\/\/api.w.org\/{rel}","templated":true}]}}