{"id":559,"date":"2019-12-15T11:03:49","date_gmt":"2019-12-15T11:03:49","guid":{"rendered":"http:\/\/duzaybir.com\/dzb\/?page_id=559"},"modified":"2019-12-15T11:04:37","modified_gmt":"2019-12-15T11:04:37","slug":"kovan-nakil-islemleri","status":"publish","type":"page","link":"http:\/\/duzaybir.com\/dzb\/kovan-nakil-islemleri\/","title":{"rendered":"KOVAN NAK\u0130L \u0130\u015eLEMLER\u0130"},"content":{"rendered":"\n<p><\/p>\n\n\n\n<p>1.&nbsp;&nbsp;&nbsp;&nbsp;&nbsp; \u0130kametg\u00e2h<\/p>\n\n\n\n<p>2.&nbsp;&nbsp;&nbsp;&nbsp;&nbsp; Men\u015fei \u015faadetnamasi (Muhtarl\u0131ktan Yol belgesi)<\/p>\n\n\n\n<p>3.&nbsp;&nbsp;&nbsp;&nbsp;&nbsp; N\u00fcfus kart\u0131 fotokopisi<\/p>\n\n\n\n<p>4.&nbsp;&nbsp;&nbsp;&nbsp;&nbsp; \u0130\u015fletme tescil fotokopisi<\/p>\n\n\n\n<p>5.&nbsp;&nbsp;&nbsp;&nbsp;&nbsp; Ar\u0131c\u0131 kimlik fotokopisi<\/p>\n\n\n\n<p>6.&nbsp;&nbsp;&nbsp;&nbsp;&nbsp; Sa\u011fl\u0131k raporu (\u0130l\u00e7e Tar\u0131m Md.\u2019den)<\/p>\n\n\n\n<p>7.&nbsp;&nbsp;&nbsp;&nbsp;&nbsp; Konaklama bitiminde, sorumlulu\u011fu \u00fcst\u00fcnden atmak i\u00e7in dilek\u00e7e<\/p>\n\n\n\n<p>Bu evraklar tamamlanarak ar\u0131n\u0131n konaklayaca\u011f\u0131 yerin (Orman, Hazine, Arazi sahibi) sorumlusuna m\u00fcracaat edilir. Uygun g\u00f6sterilen yerde konaklama yap\u0131l\u0131r.<\/p>\n","protected":false},"excerpt":{"rendered":"<p>1.&nbsp;&nbsp;&nbsp;&nbsp;&nbsp; \u0130kametg\u00e2h 2.&nbsp;&nbsp;&nbsp;&nbsp;&nbsp; Men\u015fei \u015faadetnamasi (Muhtarl\u0131ktan Yol belgesi) 3.&nbsp;&nbsp;&nbsp;&nbsp;&nbsp; N\u00fcfus kart\u0131 fotokopisi 4.&nbsp;&nbsp;&nbsp;&nbsp;&nbsp; \u0130\u015fletme tescil fotokopisi 5.&nbsp;&nbsp;&nbsp;&nbsp;&nbsp; Ar\u0131c\u0131 kimlik fotokopisi 6.&nbsp;&nbsp;&nbsp;&nbsp;&nbsp; Sa\u011fl\u0131k raporu (\u0130l\u00e7e Tar\u0131m Md.\u2019den) 7.&nbsp;&nbsp;&nbsp;&nbsp;&nbsp; Konaklama bitiminde, sorumlulu\u011fu \u00fcst\u00fcnden atmak i\u00e7in dilek\u00e7e Bu evraklar tamamlanarak ar\u0131n\u0131n konaklayaca\u011f\u0131 yerin<\/p>\n","protected":false},"author":1,"featured_media":545,"parent":0,"menu_order":0,"comment_status":"closed","ping_status":"closed","template":"","meta":{"footnotes":""},"class_list":["post-559","page","type-page","status-publish","has-post-thumbnail","hentry"],"_links":{"self":[{"href":"http:\/\/duzaybir.com\/dzb\/wp-json\/wp\/v2\/pages\/559","targetHints":{"allow":["GET"]}}],"collection":[{"href":"http:\/\/duzaybir.com\/dzb\/wp-json\/wp\/v2\/pages"}],"about":[{"href":"http:\/\/duzaybir.com\/dzb\/wp-json\/wp\/v2\/types\/page"}],"author":[{"embeddable":true,"href":"http:\/\/duzaybir.com\/dzb\/wp-json\/wp\/v2\/users\/1"}],"replies":[{"embeddable":true,"href":"http:\/\/duzaybir.com\/dzb\/wp-json\/wp\/v2\/comments?post=559"}],"version-history":[{"count":2,"href":"http:\/\/duzaybir.com\/dzb\/wp-json\/wp\/v2\/pages\/559\/revisions"}],"predecessor-version":[{"id":561,"href":"http:\/\/duzaybir.com\/dzb\/wp-json\/wp\/v2\/pages\/559\/revisions\/561"}],"wp:featuredmedia":[{"embeddable":true,"href":"http:\/\/duzaybir.com\/dzb\/wp-json\/wp\/v2\/media\/545"}],"wp:attachment":[{"href":"http:\/\/duzaybir.com\/dzb\/wp-json\/wp\/v2\/media?parent=559"}],"curies":[{"name":"wp","href":"https:\/\/api.w.org\/{rel}","templated":true}]}}