{"id":552,"date":"2019-12-15T10:31:46","date_gmt":"2019-12-15T10:31:46","guid":{"rendered":"http:\/\/duzaybir.com\/dzb\/?page_id=552"},"modified":"2019-12-15T10:31:51","modified_gmt":"2019-12-15T10:31:51","slug":"ana-ari-yenileme","status":"publish","type":"page","link":"http:\/\/duzaybir.com\/dzb\/ana-ari-yenileme\/","title":{"rendered":"ANA ARI YEN\u0130LEME"},"content":{"rendered":"\n<p>           Normal \u015fartlarda bir bal ar\u0131s\u0131 kolonisinde bir adet ana ar\u0131 bulunur. Ana ar\u0131 v\u00fccut \u00f6l\u00e7\u00fcleri bak\u0131m\u0131ndan, i\u015f\u00e7i ar\u0131 ve erkek ar\u0131lardan daha farkl\u0131d\u0131r. Kanatlar, kar\u0131n k\u0131sm\u0131n\u0131n yar\u0131s\u0131na kadar uzan\u0131r. Ba\u015f ile kar\u0131n aras\u0131nda bulunan g\u00f6\u011f\u00fcs daha geni\u015ftir. \u0130\u015f\u00e7i ar\u0131lar\u0131n ge\u00e7ebilece\u011fi ana ar\u0131 \u0131zgaras\u0131 aral\u0131\u011f\u0131ndan ana ar\u0131 ge\u00e7emez. Yumurta b\u0131rakmaya ba\u015flayan ana ar\u0131lar\u0131n v\u00fccutlar\u0131, erkek ar\u0131lar\u0131n v\u00fccudundan daha uzun ve geni\u015ftir.<\/p>\n\n\n\n<p>&nbsp;&nbsp;&nbsp;&nbsp;&nbsp;&nbsp;&nbsp;&nbsp;&nbsp; &nbsp; Ana ar\u0131lar, kovan rahats\u0131z edilmedi\u011fi zaman daima yavrulu petekler \u00fczerinde bulunur. Ana ar\u0131larda mide, i\u015f\u00e7i ar\u0131lardan daha k\u00fc\u00e7\u00fckt\u00fcr. Ana ar\u0131larda polen sepetleri, s\u00fct bezleri ve mum salg\u0131 bezleri yoktur. Dil daha k\u0131sad\u0131r. Anteni olduk\u00e7a uzundur. Ok u\u00e7lar\u0131 k\u0131vr\u0131k ve k\u00fct bir i\u011fneye sahiptir. Ana ar\u0131 i\u011fnesini kaybetmez, rakip ana ar\u0131lar\u0131 etkisiz hale getirmek i\u00e7in kullan\u0131l\u0131r.<\/p>\n\n\n\n<p>&nbsp;&nbsp;&nbsp;&nbsp;&nbsp;&nbsp;&nbsp;&nbsp;&nbsp;&nbsp; Koloni yeni bir ana ar\u0131 de\u011fi\u015ftirme ihtiyac\u0131n\u0131 a\u015fa\u011f\u0131daki nedenlerden dolay\u0131 duymaktad\u0131r.<\/p>\n\n\n\n<p>Kolonin anas\u0131z kalmas\u0131<\/p>\n\n\n\n<p>Ana ar\u0131n\u0131 ya\u015fl\u0131 olmas\u0131<\/p>\n\n\n\n<ul class=\"wp-block-list\"><li>O\u011ful verme i\u00e7g\u00fcd\u00fcs\u00fc&nbsp;&nbsp;&nbsp; ile<\/li><\/ul>\n\n\n\n<p><strong>YEN\u0130LEME TEKN\u0130KLER\u0130<\/strong><\/p>\n\n\n\n<p>Teknik\u00a0 ar\u0131c\u0131l\u0131kta ana ar\u0131 yenilemenin do\u011fal \u015fartlara uygun olarak yap\u0131lmas\u0131 gerekmektedir.<\/p>\n\n\n\n<p>Kolonilerde ana ar\u0131 uygulama nedenleri:<\/p>\n\n\n\n<p>1.Kovandaki ana ar\u0131n\u0131n ya\u015flanmas\u0131 veya \u00f6lmesi halinde, fazla zaman kaybetmeden ya\u015fl\u0131 ana ar\u0131 yerine gen\u00e7, \u00e7iftle\u015fmi\u015f ana verilmelidir. Koloni uzun bir s\u00fcre anas\u0131z kald\u0131\u011f\u0131nda, yeni ana ar\u0131n\u0131n koloniye kabul ettirilmesi \u00e7ok zor olmaktad\u0131r. Bu nedenle m\u00fcmk\u00fcn oldu\u011funca h\u0131zl\u0131 bir \u015fekilde koloniye ana ar\u0131 uygulanmas\u0131d\u0131r.<\/p>\n\n\n\n<p>2.Verimsiz ana ar\u0131lar\u0131n yenilenmesi zorunludur. Zira bir ar\u0131c\u0131n\u0131 ar\u0131l\u0131\u011f\u0131nda bulunan kovanlar\u0131n\u0131n hepsinden yeterli \u00fcr\u00fcn alabilmesi, kovanlarda buluna verimsiz ana ar\u0131lar\u0131n de\u011fi\u015ftirilmesiyle ile m\u00fcmk\u00fcnd\u00fcr.<\/p>\n\n\n\n<p>&nbsp;Bir ana ar\u0131n\u0131n verimsiz olu\u015funun sebepleri \u015funlard\u0131r:<\/p>\n\n\n\n<ul class=\"wp-block-list\"><li>Irk \u00f6zelli\u011fi<\/li><li>Ya\u015fl\u0131 olu\u015fu<\/li><li>Hastal\u0131kl\u0131 olu\u015fu<\/li><li>Genetik olarak akrabal\u0131 yeti\u015ftirilmi\u015f olmas\u0131<\/li><li>Yeterli d\u00f6llenmemi\u015f olmas\u0131<\/li><li>Ana ar\u0131 \u00fcretimi yap\u0131l\u0131rken kullan\u0131lan larvalar\u0131 geli\u015fi g\u00fczel se\u00e7ilmesi ve bu nedenle ana ar\u0131lar\u0131n k\u00fc\u00e7\u00fck yap\u0131l\u0131 olmas\u0131<\/li><\/ul>\n\n\n\n<p>3.Ar\u0131c\u0131n\u0131n kolonileri \u00e7o\u011faltmas\u0131n\u0131n en iyi y\u00f6ntemi, do\u011fal ar\u0131 yerine, teknik(suni) o\u011ful \u00fcretimidir. Suni o\u011ful \u00fcretimi, \u00e7iftle\u015fmi\u015f gen\u00e7 ana ar\u0131lar kullan\u0131lmas\u0131 suretiyle yap\u0131lmal\u0131d\u0131r. \u00c7er\u00e7eveli o\u011ful ar\u0131 \u00fcretiminde yap\u0131lan uygulamadan %y\u00fcz sonu\u00e7 al\u0131nabilmesi i\u00e7in ana ar\u0131 verebilece\u011fi kolonilerde her ya\u015fta i\u015f\u00e7i ar\u0131 ve yavru ar\u0131 bulunmal\u0131, ana ar\u0131 memesi yada ana ar\u0131 olmamal\u0131d\u0131r.<\/p>\n\n\n\n<p>&nbsp;&nbsp;&nbsp;&nbsp; O\u011ful \u00fcretimi \u00e7er\u00e7eveli, yavrulu ve ar\u0131l\u0131 olabilece\u011fi gibi sadece paket ar\u0131 \u015feklinde yap\u0131labilir. Bu \u015fekilde yap\u0131lan suni o\u011ful \u00fcretiminde, gen\u00e7 \u00e7iftle\u015fmi\u015f ana ar\u0131 kullan\u0131l\u0131r.<\/p>\n\n\n\n<p>&nbsp;&nbsp;&nbsp;&nbsp; Yavrulu ana ar\u0131l\u0131 \u00e7er\u00e7eve ile o\u011ful \u00fcretiminde koloni biyolojisine uygun \u015fekilde yavru tertibi g\u00f6z \u00f6n\u00fcne al\u0131narak o\u011ful alma i\u015flemi ger\u00e7ekle\u015fir. Yavrulu \u00e7er\u00e7eveler ayn\u0131 s\u0131ra ile yeni ana ar\u0131 verilecek kovana nakledilir.<\/p>\n\n\n\n<p>&nbsp;&nbsp;&nbsp;&nbsp; Teknik olarak bir o\u011ful en az 5 \u00e7er\u00e7eve olmal\u0131d\u0131r. Bu 10 ile 12 bin i\u015f\u00e7i ar\u0131 demektir.<\/p>\n\n\n\n<p>&nbsp;&nbsp;&nbsp;&nbsp;&nbsp; Kovanlar\u0131nda gen\u00e7 ana ar\u0131 bulunduran ar\u0131c\u0131lar, kulland\u0131klar\u0131 ana ar\u0131larda kalite ve verimlilik fakt\u00f6r\u00fcn\u00fc g\u00f6z \u00f6n\u00fcne ald\u0131klar\u0131nda \u00e7ok iyi sonu\u00e7lar elde etmektedir.<\/p>\n\n\n\n<p>&nbsp;Bu konuda ar\u0131c\u0131lara faydal\u0131 olabilecek uygulama ve g\u00f6zlemlerimiz \u015funlard\u0131r:<\/p>\n\n\n\n<p>&nbsp;&nbsp;&nbsp;&nbsp;&nbsp;&nbsp; K\u0131\u015f\u0131 Akdeniz B\u00f6lgesi yada di\u011fer s\u0131cak sahil b\u00f6lgelerinde ge\u00e7iren ar\u0131c\u0131lar\u0131m\u0131z, k\u0131\u015f kay\u0131plar\u0131n\u0131 telafi etmek amac\u0131yla 3-4 \u00e7er\u00e7eve ile b\u00f6lme yaparlar. Gen\u00e7 ve sa\u011fl\u0131kl\u0131 an ar\u0131 kullan\u0131larak yap\u0131lan b\u00f6lmeler ile k\u0131\u015f kay\u0131plar\u0131 telafi edilir. Mevcut ar\u0131lar ile yaylaya \u00e7\u0131k\u0131l\u0131r. Yaylada g\u00f6r\u00fclen sonradan yap\u0131lan b\u00f6lme kolonileri \u00e7ok iyi geli\u015fti\u011fi ve daha fazla \u00fcr\u00fcn toplad\u0131klar\u0131d\u0131r. Bunu g\u00f6ren ar\u0131c\u0131lar yaz aylar\u0131nda b\u00f6lme yapmaya ba\u015flam\u0131\u015flard\u0131r.<\/p>\n","protected":false},"excerpt":{"rendered":"<p>Normal \u015fartlarda bir bal ar\u0131s\u0131 kolonisinde bir adet ana ar\u0131 bulunur. Ana ar\u0131 v\u00fccut \u00f6l\u00e7\u00fcleri bak\u0131m\u0131ndan, i\u015f\u00e7i ar\u0131 ve erkek ar\u0131lardan daha farkl\u0131d\u0131r. Kanatlar, kar\u0131n k\u0131sm\u0131n\u0131n yar\u0131s\u0131na kadar uzan\u0131r. Ba\u015f ile kar\u0131n aras\u0131nda bulunan g\u00f6\u011f\u00fcs daha geni\u015ftir. \u0130\u015f\u00e7i ar\u0131lar\u0131n ge\u00e7ebilece\u011fi<\/p>\n","protected":false},"author":1,"featured_media":554,"parent":0,"menu_order":0,"comment_status":"closed","ping_status":"closed","template":"","meta":{"footnotes":""},"class_list":["post-552","page","type-page","status-publish","has-post-thumbnail","hentry"],"_links":{"self":[{"href":"http:\/\/duzaybir.com\/dzb\/wp-json\/wp\/v2\/pages\/552","targetHints":{"allow":["GET"]}}],"collection":[{"href":"http:\/\/duzaybir.com\/dzb\/wp-json\/wp\/v2\/pages"}],"about":[{"href":"http:\/\/duzaybir.com\/dzb\/wp-json\/wp\/v2\/types\/page"}],"author":[{"embeddable":true,"href":"http:\/\/duzaybir.com\/dzb\/wp-json\/wp\/v2\/users\/1"}],"replies":[{"embeddable":true,"href":"http:\/\/duzaybir.com\/dzb\/wp-json\/wp\/v2\/comments?post=552"}],"version-history":[{"count":1,"href":"http:\/\/duzaybir.com\/dzb\/wp-json\/wp\/v2\/pages\/552\/revisions"}],"predecessor-version":[{"id":555,"href":"http:\/\/duzaybir.com\/dzb\/wp-json\/wp\/v2\/pages\/552\/revisions\/555"}],"wp:featuredmedia":[{"embeddable":true,"href":"http:\/\/duzaybir.com\/dzb\/wp-json\/wp\/v2\/media\/554"}],"wp:attachment":[{"href":"http:\/\/duzaybir.com\/dzb\/wp-json\/wp\/v2\/media?parent=552"}],"curies":[{"name":"wp","href":"https:\/\/api.w.org\/{rel}","templated":true}]}}