{"id":526,"date":"2019-12-14T23:12:41","date_gmt":"2019-12-14T23:12:41","guid":{"rendered":"http:\/\/duzaybir.com\/dzb\/?page_id=526"},"modified":"2019-12-14T23:12:44","modified_gmt":"2019-12-14T23:12:44","slug":"kestane-bali","status":"publish","type":"page","link":"http:\/\/duzaybir.com\/dzb\/kestane-bali\/","title":{"rendered":"Kestane Bal\u0131"},"content":{"rendered":"\n<h4 class=\"wp-block-heading\">Karadeniz Teknik \u00dcniversitesi kestane bal\u0131 ve \u00e7i\u00e7ek bal\u0131 aras\u0131ndaki fark ara\u015ft\u0131rmas\u0131. :<\/h4>\n\n\n\n<p>Kestane ve \u00c7i\u00e7ek Ballar\u0131n\u0131n Antioksidan ve Anti mikrobiyal Y\u00f6nden Kar\u015f\u0131la\u015ft\u0131r\u0131lmas\u0131<br><strong>Sevgi KOLAYLI, Murat K\u00dc\u00c7\u00dcK, Esra ULUSOY, Ali Osman SARIKAYA, \u015eeng\u00fcl KARAO\u011eLU, Celal DURAN<\/strong><br>Karadeniz Teknik \u00dcniversitesi, Fen- Edebiyat Fak\u00fcltesi, Kimya B\u00f6l\u00fcm\u00fc, Trabzon<\/p>\n\n\n\n<p><strong>\u00d6zet:<\/strong><\/p>\n\n\n\n<div class=\"wp-block-image is-style-default\"><figure class=\"alignleft size-large is-resized\"><img loading=\"lazy\" decoding=\"async\" src=\"http:\/\/duzaybir.com\/dzb\/wp-content\/uploads\/2019\/12\/kestanebali.jpg\" alt=\"\" class=\"wp-image-527\" width=\"357\" height=\"201\" srcset=\"http:\/\/duzaybir.com\/dzb\/wp-content\/uploads\/2019\/12\/kestanebali.jpg 600w, http:\/\/duzaybir.com\/dzb\/wp-content\/uploads\/2019\/12\/kestanebali-300x169.jpg 300w\" sizes=\"auto, (max-width: 357px) 100vw, 357px\" \/><\/figure><\/div>\n\n\n\n<p>Bu \u00e7al\u0131\u015fmada \u00fc\u00e7 farkl\u0131 bitki varl\u0131\u011f\u0131na ait bal\u0131n antioksidan ve anti mikrobiyal aktiviteleri incelendi. Kestane ballar\u0131 ve \u00e7i\u00e7ek ballar\u0131 2005 yaz\u0131nda direkt olarak \u00fcreticiden topland\u0131. \u00c7al\u0131\u015fmada antioksidan aktivite iki de\u011fi\u015fik y\u00f6nteme g\u00f6re incelendi ve en y\u00fcksek polifenolik madde i\u00e7eri\u011fine ve buna paralel olara antioksidan aktiviteye sahip bal\u0131n kestane bal\u0131 oldu\u011fu tespit edildi.<\/p>\n\n\n\n<p><strong>Kestane bal\u0131 ile \u00e7i\u00e7ek bal\u0131 aras\u0131ndaki fark :<\/strong><br><strong>Zonguldak Karaelmas \u00dcniversitesi&#8217;nde yap\u0131lm\u0131\u015f analiz&#8217;e g\u00f6re kestane bal\u0131ndaki Kalsiyum, Potasyum, Mangan ve Bak\u0131r mineral oranlar\u0131 \u00e7i\u00e7ek bal\u0131na g\u00f6re \u00e7ok daha fazla oldu\u011fu saptand\u0131 .<\/strong><\/p>\n\n\n\n<p>SONU\u00c7LAR :<br>\u00c7ok zengin bitki floras\u0131na sahip \u00fclkemizde de\u011fi\u015fik t\u00fcrde ballar \u00fcretilmektedir. Bu ballardan tek floral\u0131 bal olarak \u00fcretilen kestane ballar\u0131 antioksidan \u00e7al\u0131\u015f\u0131lan \u00e7i\u00e7ek ballar\u0131na g\u00f6re antioksidan y\u00f6nden olduk\u00e7a zengin i\u00e7eri\u011fe sahip oldu\u011fu bulundu. Ayr\u0131ca antimikrobiyal aktivite cinsinden bal\u0131n \u00f6zelikle de kestane bal\u0131n\u0131n bakteri \u00f6ld\u00fcr\u00fcc\u00fc etkisi oldu\u011fu da yine tespit edildi. \u00c7al\u0131\u015f\u0131lan 10 farkl\u0131 bakteri t\u00fcrleri aras\u0131nda Helicobacter pylori (Hp) kar\u015f\u0131 etkili olduklar\u0131 tespit edildi. Bu bakteri midede gastrit ve reflu olu\u015fumuna neden olan bir bakteri oldu\u011fundan kestane bal\u0131 t\u00fcketimiile mide \u00fclserlerinin olu\u015fumu engellenebilecektir.<\/p>\n\n\n\n<div class=\"wp-block-image is-style-default\"><figure class=\"alignright size-large is-resized\"><img loading=\"lazy\" decoding=\"async\" src=\"http:\/\/duzaybir.com\/dzb\/wp-content\/uploads\/2019\/12\/kest2.jpg\" alt=\"\" class=\"wp-image-528\" width=\"283\" height=\"179\" srcset=\"http:\/\/duzaybir.com\/dzb\/wp-content\/uploads\/2019\/12\/kest2.jpg 1000w, http:\/\/duzaybir.com\/dzb\/wp-content\/uploads\/2019\/12\/kest2-300x190.jpg 300w, http:\/\/duzaybir.com\/dzb\/wp-content\/uploads\/2019\/12\/kest2-600x380.jpg 600w, http:\/\/duzaybir.com\/dzb\/wp-content\/uploads\/2019\/12\/kest2-768x487.jpg 768w\" sizes=\"auto, (max-width: 283px) 100vw, 283px\" \/><\/figure><\/div>\n\n\n\n<p><strong>KESTANE BALI NELERE \u0130Y\u0130 GEL\u0130R\u2026:<\/strong><br>Adale A\u011fr\u0131lar\u0131, titremesi, uyu\u015fmas\u0131n\u0131n giderilmesine,A\u011fr\u0131 ve sanc\u0131lar\u0131n giderilmesine,A\u011f\u0131z yaralar\u0131n\u0131n iyile\u015ftirilmesine,Akci\u011fer hastal\u0131klar\u0131n\u0131n iyile\u015ftirilmesine,Bademcik iltihab\u0131n\u0131n yok edilmesine,Ba\u011f\u0131rsak gaz\u0131n\u0131n, iltihab\u0131n\u0131n giderilmesine,Ba\u015f, g\u00f6\u011f\u00fcs, kar\u0131n a\u011fr\u0131lar\u0131n\u0131n giderilmesine,Ba\u015f d\u00f6nmesinin giderilmesine,Bel a\u011fr\u0131lar\u0131n\u0131n giderilmesine,Beyin hastal\u0131klar\u0131n\u0131n iyile\u015fmesine, fel\u00e7 ve sinir hastal\u0131klar\u0131n\u0131 gidermede,Cilt bozuklu\u011funu, lekelerini gidermeye,Cinsel g\u00fcc\u00fc art\u0131rmaya,Damar sertli\u011fine, damar t\u0131kan\u0131kl\u0131\u011f\u0131n\u0131 yok etmeye,G\u00f6zleri g\u00fc\u00e7lendirmeye,Halsizli\u011fin giderilmesine,Hazm\u0131 kolayla\u015ft\u0131rmaya,Haf\u0131zay\u0131 g\u00fc\u00e7lendirmeye,\u0130\u015ftah a\u00e7maya,Kab\u0131zl\u0131\u011f\u0131n iyile\u015ftirilmesine,Kalp \u00e7arp\u0131nt\u0131s\u0131n\u0131 gidermeye,Kan\u0131n temizlenmesine,Kemiklerin kuvvetlenmesine,Nezle ve grip hastal\u0131\u011f\u0131n\u0131n tedavisine,\u00d6ks\u00fcr\u00fc\u011f\u00fcn, nefes darl\u0131\u011f\u0131n\u0131n, ast\u0131m hastal\u0131\u011f\u0131n\u0131n tedavisine,Romatizma ve siyati\u011fin tedavisine,Sar\u0131l\u0131k hastal\u0131\u011f\u0131n\u0131n iyile\u015ftirilmesine,Sedef hastal\u0131\u011f\u0131n\u0131n giderilmesine.<br>=================================================<br><strong>T.k.v.:<\/strong>&nbsp;bal \u00f6rneklerinde sodyum, potasyum, kalsiyum, magnezyum, mangan, \u00e7inko, demir, fosfor ve bak\u0131r olmak \u00fczere de\u011fi\u015fik 9 ayr\u0131 elementin analizi yap\u0131lm\u0131\u015ft\u0131r.<\/p>\n\n\n\n<h4 class=\"wp-block-heading\">Kestane Bal\u0131 \u00f6zel bir bald\u0131r :<\/h4>\n\n\n\n<p>Demir, kalsiyum, fosfor ve sodyum gibi mineraller ve vitaminler i\u00e7erir. Kestane Bal\u0131&#8217;n\u0131n dolum a\u015famas\u0131nda, \u0131s\u0131tma i\u015flemi uygulanmaz. Bal, bile\u015fiminde bulunan \u00e7e\u015fitli vitamin, mineral, organik asit ve enzimler nedeniyle sindirimi kolay, besleyici ve bir\u00e7ok hastal\u0131\u011fa kar\u015f\u0131 koruyucu vetedavi edici \u00f6zellikler g\u00f6sterir. Mideye iyi gelir. Bal\u0131n, bile\u015fim maddelerince zengin olu\u015fu nedeniyle \u00f6zellikle sa\u011fl\u0131kl\u0131 ya\u015famda \u00f6nde gelen g\u0131da maddeleri aras\u0131nda yer almaktad\u0131r. \u201cBal\u0131n, difteri, bo\u011fmaca, verem, \u00fclser, baz\u0131 cilt ve sinir sistemi hastal\u0131klar\u0131 gibi 500\u2019e yak\u0131n hastal\u0131\u011f\u0131n tedavisinde olumlu etkilerisaptanm\u0131\u015ft\u0131r. Bal\u0131n bilinen bu \u00f6zellikleri sa\u011flamas\u0131nda, antimikrobiyel, antioksidan ve b\u00fcy\u00fcme fakt\u00f6r\u00fc biyoaktivitesi g\u00f6steren bile\u015fenler etkili olmaktad\u0131r(Yararlar\u0131 nedeniyle bal\u0131n her g\u00fcn d\u00fczenli olarak t\u00fcketilmesi \u00f6nerilmektedir.) Kestane bal\u0131 do\u011fal ko\u015fullarda, kendine \u00f6zg\u00fc ac\u0131ms\u0131 aromas\u0131 ile \u00e7ok \u00f6zg\u00fcn birbald\u0131r. \u00d6zellikle hasta ve yorgun ki\u015filerin tedaviyi destekleyici olarak kullanabilece\u011fi bir \u00fcr\u00fcnd\u00fcr. Ba\u011f\u0131\u015f\u0131kl\u0131k sistemini g\u00fc\u00e7lendirir. Enerji ve kuvvet verir. G\u00fcnl\u00fck 2 tatl\u0131 ka\u015f\u0131\u011f\u0131 kadar al\u0131nmas\u0131 yeterlidir.<\/p>\n\n\n\n<p>Etkili bir bal oldu\u011fundan fazla al\u0131nmas\u0131 terleme ve ba\u015f d\u00f6nmesine neden olabilir.Y\u00f6resel \u0130simleri: Halk aras\u0131nda Deli bal olarak da bilinir. Bal; \u00e7ok uzun s\u00fcreden beri tedavi edici ve tadland\u0131r\u0131c\u0131 olarak kullan\u0131lmaktad\u0131r. Besleyici ve kuvvet vericidir. Mikroplar\u0131n \u00fcremesini \u00f6nler.Yara iyile\u015ftirici etkiler g\u00f6sterir. \u00c7ocuklarda s\u0131k g\u00f6r\u00fclen a\u011f\u0131z iltihaplar\u0131na (aft, a\u011f\u0131z yaras\u0131) kar\u015f\u0131 ba\u015far\u0131 ile kullan\u0131l\u0131r. Bile\u015fim: Glikoz ve lev\u00fcloz (%70-75), sakkaroz (%2-3), dekstrin ve vitaminler i\u00e7erir. Bile\u015fimi elde edildi\u011fi b\u00f6lgeye ve bal\u0131n \u00e7e\u015fitlili\u011fine ba\u011fl\u0131 olarak de\u011fi\u015fiklik g\u00f6stermektedir. De\u011ferler ortalama ayn\u0131d\u0131r.<\/p>\n\n\n\n<p><strong>Ar\u0131terapi.(apiterapi) :<\/strong><strong>&nbsp;Ar\u0131 \u00fcr\u00fcnlerini sade veya kar\u0131\u015f\u0131m yaparak d\u00fczenli bir \u015fekilde kullan\u0131lmas\u0131na (apiterapi yani ar\u0131terapi) denir.<\/strong><\/p>\n","protected":false},"excerpt":{"rendered":"<p>Karadeniz Teknik \u00dcniversitesi kestane bal\u0131 ve \u00e7i\u00e7ek bal\u0131 aras\u0131ndaki fark ara\u015ft\u0131rmas\u0131. : Kestane ve \u00c7i\u00e7ek Ballar\u0131n\u0131n Antioksidan ve Anti mikrobiyal Y\u00f6nden Kar\u015f\u0131la\u015ft\u0131r\u0131lmas\u0131Sevgi KOLAYLI, Murat K\u00dc\u00c7\u00dcK, Esra ULUSOY, Ali Osman SARIKAYA, \u015eeng\u00fcl KARAO\u011eLU, Celal DURANKaradeniz Teknik \u00dcniversitesi, Fen- Edebiyat Fak\u00fcltesi, Kimya<\/p>\n","protected":false},"author":1,"featured_media":0,"parent":0,"menu_order":0,"comment_status":"closed","ping_status":"closed","template":"","meta":{"footnotes":""},"class_list":["post-526","page","type-page","status-publish","hentry"],"_links":{"self":[{"href":"http:\/\/duzaybir.com\/dzb\/wp-json\/wp\/v2\/pages\/526","targetHints":{"allow":["GET"]}}],"collection":[{"href":"http:\/\/duzaybir.com\/dzb\/wp-json\/wp\/v2\/pages"}],"about":[{"href":"http:\/\/duzaybir.com\/dzb\/wp-json\/wp\/v2\/types\/page"}],"author":[{"embeddable":true,"href":"http:\/\/duzaybir.com\/dzb\/wp-json\/wp\/v2\/users\/1"}],"replies":[{"embeddable":true,"href":"http:\/\/duzaybir.com\/dzb\/wp-json\/wp\/v2\/comments?post=526"}],"version-history":[{"count":1,"href":"http:\/\/duzaybir.com\/dzb\/wp-json\/wp\/v2\/pages\/526\/revisions"}],"predecessor-version":[{"id":529,"href":"http:\/\/duzaybir.com\/dzb\/wp-json\/wp\/v2\/pages\/526\/revisions\/529"}],"wp:attachment":[{"href":"http:\/\/duzaybir.com\/dzb\/wp-json\/wp\/v2\/media?parent=526"}],"curies":[{"name":"wp","href":"https:\/\/api.w.org\/{rel}","templated":true}]}}