{"id":521,"date":"2019-12-14T22:46:47","date_gmt":"2019-12-14T22:46:47","guid":{"rendered":"http:\/\/duzaybir.com\/dzb\/?page_id=521"},"modified":"2019-12-25T12:13:04","modified_gmt":"2019-12-25T12:13:04","slug":"hakkimizda","status":"publish","type":"page","link":"http:\/\/duzaybir.com\/dzb\/hakkimizda\/","title":{"rendered":"Hakk\u0131m\u0131zda"},"content":{"rendered":"\n<p>D\u00fczce \u0130li Ar\u0131 Yeti\u015ftiricileri Birli\u011fi  14.12.2004 y\u0131l\u0131nda kurulmu\u015ftur.<\/p>\n\n\n\n<p>Birli\u011fimiz kurulu\u015fundan bir y\u0131l sonra 1. O\u011flan genel kurulunu 220 \u00fcyeyle yaparak  Ba\u015fkanl\u0131\u011fa Cafer KABA se\u00e7ilmi\u015ftir.2. ola\u011fan genel kurulunu 09.03.2008 y\u0131l\u0131nda yapm\u0131\u015ft\u0131r. 3. ola\u011fan genel kurulunu 03.03.2012 tarihinde yap\u0131ld\u0131..4.Ola\u011fan Genel Kurulunu 25.03.2017 tarihin de yaparak a\u015fa\u011f\u0131daki y\u00f6netim kurulu ile devam etmektedir.<\/p>\n\n\n\n<p><strong>Y\u00d6NET\u0130M KURULU <\/strong><br> CAFER KABA               (Y\u00f6n.Kur.B\u015fk.)                      <br> MET\u0130N \u00d6ZCAN            (B\u015fk.Yrdm.)                        <br> H\u00dcSEY\u0130N B\u0130R\u0130KT\u0130R    ( Sekreterya)                       <br> MUSTAFA KAYA           (Muhasip \u00fcye)<br> \u0130RFAN \u00dcNL\u00dc                (Asil \u00dcye)<br> SITKI \u015eAH\u0130N                 (Asil \u00dcye)<br> MEHMET \u0130\u015eLEKO\u011eLU(Asil \u00dcye)<\/p>\n\n\n\n<p> <strong>DENETLEME KURULU<\/strong><br> HAMD\u0130 KORKMAZ <br> \u0130LHAM\u0130 CESUR <br> \u00d6MER CEYLAN <\/p>\n\n\n\n<p>B\u0130RL\u0130K ARICILIK DANI\u015eMANI: TUNCAY YOLDA\u015e<\/p>\n\n\n\n<div class=\"wp-block-image is-style-default\"><figure class=\"alignleft size-large is-resized\"><img loading=\"lazy\" decoding=\"async\" src=\"http:\/\/duzaybir.com\/dzb\/wp-content\/uploads\/2019\/12\/81038203_295280764724336_3949226002084790272_n-1024x768.jpg\" alt=\"\" class=\"wp-image-846\" width=\"421\" height=\"316\" srcset=\"http:\/\/duzaybir.com\/dzb\/wp-content\/uploads\/2019\/12\/81038203_295280764724336_3949226002084790272_n-1024x768.jpg 1024w, http:\/\/duzaybir.com\/dzb\/wp-content\/uploads\/2019\/12\/81038203_295280764724336_3949226002084790272_n-300x225.jpg 300w, http:\/\/duzaybir.com\/dzb\/wp-content\/uploads\/2019\/12\/81038203_295280764724336_3949226002084790272_n-768x576.jpg 768w, http:\/\/duzaybir.com\/dzb\/wp-content\/uploads\/2019\/12\/81038203_295280764724336_3949226002084790272_n-1536x1152.jpg 1536w, http:\/\/duzaybir.com\/dzb\/wp-content\/uploads\/2019\/12\/81038203_295280764724336_3949226002084790272_n-400x300.jpg 400w, http:\/\/duzaybir.com\/dzb\/wp-content\/uploads\/2019\/12\/81038203_295280764724336_3949226002084790272_n-600x450.jpg 600w, http:\/\/duzaybir.com\/dzb\/wp-content\/uploads\/2019\/12\/81038203_295280764724336_3949226002084790272_n.jpg 1728w\" sizes=\"auto, (max-width: 421px) 100vw, 421px\" \/><\/figure><\/div>\n\n\n\n<p>Birli\u011fimiz Halk E\u011fitim Merkezi  i\u015fbirli\u011fi ile Ar\u0131 Yeti\u015ftiricili\u011fi kursu a\u00e7m\u0131\u015f kursa kat\u0131lanlara sertifika almas\u0131n\u0131 sa\u011flanm\u0131\u015ft\u0131r. T.C. G\u0131da Tar\u0131m ve Hayvanc\u0131l\u0131k bakanl\u0131\u011f\u0131 i\u015fbirli\u011fiyle Ana Ar\u0131 Yeti\u015ftirme kursu a\u00e7m\u0131\u015f ve 50 ki\u015fiye sertifika almas\u0131 sa\u011flam\u0131\u015ft\u0131r.<\/p>\n\n\n<style>.wp-block-kadence-spacer.kt-block-spacer-_f8ec33-ac .kt-block-spacer{height:60px;}.wp-block-kadence-spacer.kt-block-spacer-_f8ec33-ac .kt-divider{border-top-width:1px;height:1px;border-top-color:#eee;width:80%;border-top-style:solid;}<\/style>\n<div class=\"wp-block-kadence-spacer aligncenter kt-block-spacer-_f8ec33-ac\"><div class=\"kt-block-spacer kt-block-spacer-halign-center\" style=\"height:60px\"><hr class=\"kt-divider\" style=\"border-top-color:rgba(238, 238, 238, 1);border-top-width:1px;width:80%;border-top-style:solid\"\/><\/div><\/div>\n\n\n\n<p><\/p>\n\n\n\n<p><strong>D\u00dcZCE ARICILAR B\u0130RL\u0130\u011e\u0130N\u0130N \u00d6NEM\u0130  ve DE\u011eER\u0130<\/strong><br> Birli\u011fimiz 2006 y\u0131l\u0131nda Tar\u0131m \u0130l M\u00fcd\u00fcrl\u00fc\u011f\u00fc ve \u0130l \u00d6zel \u0130dare destekli kendi bal dolum ve paketleme tesisini kurarak  \u201cKARD\u00dcZ\u201d , \u201cKERVAN YE\u015e\u0130LYAYLA\u201d VE \u201cD\u00dcZAYB\u0130R AK\u00c7AKOCA KESTANE BALI\u201d patentli markalar\u0131 ile \u00fcyelerimize ve b\u00f6lgemize hizmet vermektedir.<br> \u201cKARD\u00dcZ\u201d,\u201dKERVAN YE\u015e\u0130LYAYLA\u201d VE \u201cD\u00dcZAYB\u0130R AK\u00c7AKOCA KESTANE BALI\u201d D\u00fczce Ar\u0131 Yeti\u015ftiricileri Birli\u011finin patentli markas\u0131d\u0131r.Birli\u011fimiz  D\u00fczce ilinde ar\u0131c\u0131l\u0131k yapmakta olan \u00fcreticilerin bir araya gelerek olu\u015fturduklar\u0131 bir sivil toplum kurulu\u015fudur.Ballar\u0131m\u0131z\u0131 ; T\u00fcrkiye\u2019nin bitkisel flora bak\u0131m\u0131ndan zengin arazilerine g\u00f6t\u00fcrd\u00fc\u011f\u00fcm\u00fcz kolonilerimizden derlemekteyiz. D\u00fczce b\u00f6lgesinin zengin bitki \u00f6rt\u00fcs\u00fcne sahip Ak\u00e7akoca kestane ormanlar\u0131nda Kestane Bal\u0131 elde ederek damak zevkinize sunuyoruz.Ayr\u0131ca \u201cKard\u00fcz\u201d ve \u201cKervan Ye\u015filyayla\u201d markas\u0131 ile Yayla Bal\u0131, \u00c7am Bal\u0131 ,S\u00fczme \u00c7i\u00e7ek Bal\u0131,Polen ,Ar\u0131 S\u00fct\u00fc v.s. \u00fcr\u00fcnleri de sizlere sunmaktay\u0131z.<\/p>\n\n\n\n<p><strong>BALLARIMIZ<\/strong><br>Markal\u0131 ballar\u0131m\u0131z birlik taraf\u0131ndan kontrolleri yap\u0131larak al\u0131nmaktad\u0131r.\u00dclkemizin tan\u0131nm\u0131\u015f laboratuarlar\u0131n da tahlil edilerek al\u0131mlar\u0131 ger\u00e7ekle\u015ftirilen ballar bu markalarla sizlere  sunulmaktad\u0131r.Ayr\u0131ca G\u0131da Tar\u0131m ve Hayvanc\u0131l\u0131k \u0130l M\u00fcd\u00fcrl\u00fc\u011f\u00fcn\u00fcn rutin denetimlerinde de kontrol edilmektedir.Bu \u015fekilde i\u00e7eri\u011finde hi\u00e7bir katk\u0131 maddesi bulunmad\u0131\u011f\u0131 ve do\u011fal oldu\u011fu g\u00f6zlenmi\u015ftir.Ballar\u0131m\u0131z T\u00fcrk G\u0131da Kodeksi Bal Tebli\u011fine uygun olarak G\u0131da Tar\u0131m  ve Hayvanc\u0131l\u0131k Bakanl\u0131\u011f\u0131n\u0131n  05. 01.2006 Tarih  ve G81 -0151 Say\u0131l\u0131 izniyle dolum tesisimizde ambalajlanmaktad\u0131r.<\/p>\n\n\n\n<div class=\"wp-block-image is-style-default\"><figure class=\"alignright size-large is-resized\"><img loading=\"lazy\" decoding=\"async\" src=\"http:\/\/duzaybir.com\/dzb\/wp-content\/uploads\/2019\/12\/80025124_2585071895054781_6005068452581081088_n-1024x768.jpg\" alt=\"\" class=\"wp-image-847\" width=\"445\" height=\"333\" srcset=\"http:\/\/duzaybir.com\/dzb\/wp-content\/uploads\/2019\/12\/80025124_2585071895054781_6005068452581081088_n-1024x768.jpg 1024w, http:\/\/duzaybir.com\/dzb\/wp-content\/uploads\/2019\/12\/80025124_2585071895054781_6005068452581081088_n-300x225.jpg 300w, http:\/\/duzaybir.com\/dzb\/wp-content\/uploads\/2019\/12\/80025124_2585071895054781_6005068452581081088_n-768x576.jpg 768w, http:\/\/duzaybir.com\/dzb\/wp-content\/uploads\/2019\/12\/80025124_2585071895054781_6005068452581081088_n-1536x1152.jpg 1536w, http:\/\/duzaybir.com\/dzb\/wp-content\/uploads\/2019\/12\/80025124_2585071895054781_6005068452581081088_n-400x300.jpg 400w, http:\/\/duzaybir.com\/dzb\/wp-content\/uploads\/2019\/12\/80025124_2585071895054781_6005068452581081088_n-600x450.jpg 600w, http:\/\/duzaybir.com\/dzb\/wp-content\/uploads\/2019\/12\/80025124_2585071895054781_6005068452581081088_n.jpg 1728w\" sizes=\"auto, (max-width: 445px) 100vw, 445px\" \/><\/figure><\/div>\n\n\n\n<p><strong>\u00d6ZELL\u0130KLE;<\/strong><br>Kestane Bal\u0131 \u00fczerine yap\u0131lan \u00e7al\u0131\u015fmalar\u0131n bu balda ki antioksidan maddelerin normal \u00e7i\u00e7ek ballar\u0131na oranla daha y\u00fcksek oldu\u011fu ,bilimsel olarak \u00fcniversitelerce ispatlanm\u0131\u015ft\u0131r.<\/p>\n","protected":false},"excerpt":{"rendered":"<p>D\u00fczce \u0130li Ar\u0131 Yeti\u015ftiricileri Birli\u011fi 14.12.2004 y\u0131l\u0131nda kurulmu\u015ftur. Birli\u011fimiz kurulu\u015fundan bir y\u0131l sonra 1. O\u011flan genel kurulunu 220 \u00fcyeyle yaparak Ba\u015fkanl\u0131\u011fa Cafer KABA se\u00e7ilmi\u015ftir.2. ola\u011fan genel kurulunu 09.03.2008 y\u0131l\u0131nda yapm\u0131\u015ft\u0131r. 3. ola\u011fan genel kurulunu 03.03.2012 tarihinde yap\u0131ld\u0131..4.Ola\u011fan Genel Kurulunu 25.03.2017<\/p>\n","protected":false},"author":1,"featured_media":0,"parent":0,"menu_order":0,"comment_status":"closed","ping_status":"closed","template":"","meta":{"footnotes":""},"class_list":["post-521","page","type-page","status-publish","hentry"],"_links":{"self":[{"href":"http:\/\/duzaybir.com\/dzb\/wp-json\/wp\/v2\/pages\/521","targetHints":{"allow":["GET"]}}],"collection":[{"href":"http:\/\/duzaybir.com\/dzb\/wp-json\/wp\/v2\/pages"}],"about":[{"href":"http:\/\/duzaybir.com\/dzb\/wp-json\/wp\/v2\/types\/page"}],"author":[{"embeddable":true,"href":"http:\/\/duzaybir.com\/dzb\/wp-json\/wp\/v2\/users\/1"}],"replies":[{"embeddable":true,"href":"http:\/\/duzaybir.com\/dzb\/wp-json\/wp\/v2\/comments?post=521"}],"version-history":[{"count":5,"href":"http:\/\/duzaybir.com\/dzb\/wp-json\/wp\/v2\/pages\/521\/revisions"}],"predecessor-version":[{"id":850,"href":"http:\/\/duzaybir.com\/dzb\/wp-json\/wp\/v2\/pages\/521\/revisions\/850"}],"wp:attachment":[{"href":"http:\/\/duzaybir.com\/dzb\/wp-json\/wp\/v2\/media?parent=521"}],"curies":[{"name":"wp","href":"https:\/\/api.w.org\/{rel}","templated":true}]}}