{"id":371,"date":"2019-12-09T21:10:27","date_gmt":"2019-12-09T21:10:27","guid":{"rendered":"http:\/\/duzaybir.com\/dzb\/?page_id=371"},"modified":"2019-12-09T21:11:38","modified_gmt":"2019-12-09T21:11:38","slug":"balmumu-ve-petek","status":"publish","type":"page","link":"http:\/\/duzaybir.com\/dzb\/balmumu-ve-petek\/","title":{"rendered":"Balmumu ve Petek"},"content":{"rendered":"\n<p>Bal Mumu Nedir? <\/p>\n\n\n\n<p>Bal mumu gen\u00e7 i\u015f\u00e7i ar\u0131lar\u0131n kar\u0131n halkalar\u0131ndaki mum salg\u0131 bezleri taraf\u0131ndan salg\u0131lanan bir ar\u0131 \u00fcr\u00fcn\u00fcd\u00fcr. Bal mumunun salg\u0131land\u0131\u011f\u0131 anda rengi beyazd\u0131r, kovan i\u00e7inde do\u011fal s\u00fcre\u00e7lerde giderek sar\u0131-kahverengi tonlar\u0131na d\u00f6ner.<\/p>\n\n\n\n<div class=\"wp-block-image\"><figure class=\"alignright size-large is-resized\"><img loading=\"lazy\" decoding=\"async\" src=\"http:\/\/duzaybir.com\/dzb\/wp-content\/uploads\/2019\/12\/balmumu-2.jpg\" alt=\"\" class=\"wp-image-372\" width=\"217\" height=\"163\" srcset=\"http:\/\/duzaybir.com\/dzb\/wp-content\/uploads\/2019\/12\/balmumu-2.jpg 500w, http:\/\/duzaybir.com\/dzb\/wp-content\/uploads\/2019\/12\/balmumu-2-300x225.jpg 300w\" sizes=\"auto, (max-width: 217px) 100vw, 217px\" \/><\/figure><\/div>\n\n\n\n<p>Bal Mumu ve Temel Petek<\/p>\n\n\n\n<p>Bal mumu \u00e7ok de\u011ferlidir. Ar\u0131lar 1 kg bal mumu yapmak i\u00e7in 10 ile 25 kg aras\u0131nda bal t\u00fcketirler. Saf bal mumu \u00e7e\u015fitli \u00fcretim dallar\u0131nda, \u00f6rne\u011fin kozmetik ve ila\u00e7 sanayiinde, boya ve vernik \u00fcretiminde kullan\u0131lmaktad\u0131r. En yo\u011fun kullan\u0131ld\u0131\u011f\u0131 alan ise petek yap\u0131m\u0131d\u0131r.<\/p>\n\n\n\n<p>Temel Petek Nedir?<\/p>\n\n\n\n<p>Temel Petek, saf bal mumundan \u00f6zel makinelerle \u00fcretilen, y\u00fczeyinde i\u015f\u00e7i ar\u0131 g\u00f6z\u00fc bas\u0131l\u0131 alt\u0131genler bulunan standart levhad\u0131r.Temel Petek \u00dcretim Y\u00f6ntemleriTemel Petek \u00fcretiminde \u201cs\u0131cak d\u00f6k\u00fcm\u201d ve \u201cpres rulo\u201d sistemi olmak \u00fczere iki farkl\u0131 y\u00f6ntem uygulanmaktad\u0131r. Her iki sistemde de silindirden \u00e7\u0131kan bal mumu levhalar otomatik ayarl\u0131 b\u0131\u00e7aklarla istenen boyutlarda kesilir ve temel petek olarak \u00e7er\u00e7evelere tak\u0131l\u0131r.<\/p>\n\n\n\n<p>Temel Petek Neden \u00d6nemlidir?<\/p>\n\n\n\n<p>\u2022 Ana ar\u0131n\u0131n d\u00f6ll\u00fc yumurta b\u0131rakmas\u0131n\u0131 sa\u011flar.<br>\u2022 Ar\u0131lar\u0131n geli\u015fig\u00fczel petek \u00f6rerek kovan i\u00e7i d\u00fczeni bozmalar\u0131n\u0131 \u00f6nler.<br>\u2022 Ar\u0131lar\u0131n mum \u00f6rmekle ge\u00e7irecekleri zaman\u0131 bal ta\u015f\u0131maya ay\u0131rmalar\u0131n\u0131 sa\u011flar.<\/p>\n\n\n\n<figure class=\"wp-block-image size-large is-resized\"><img loading=\"lazy\" decoding=\"async\" src=\"http:\/\/duzaybir.com\/dzb\/wp-content\/uploads\/2019\/12\/balmumu-1.jpg\" alt=\"\" class=\"wp-image-373\" width=\"579\" height=\"353\" srcset=\"http:\/\/duzaybir.com\/dzb\/wp-content\/uploads\/2019\/12\/balmumu-1.jpg 987w, http:\/\/duzaybir.com\/dzb\/wp-content\/uploads\/2019\/12\/balmumu-1-300x183.jpg 300w, http:\/\/duzaybir.com\/dzb\/wp-content\/uploads\/2019\/12\/balmumu-1-600x366.jpg 600w, http:\/\/duzaybir.com\/dzb\/wp-content\/uploads\/2019\/12\/balmumu-1-768x468.jpg 768w\" sizes=\"auto, (max-width: 579px) 100vw, 579px\" \/><\/figure>\n\n\n\n<p>Temel Petek \u00dcretimi<\/p>\n\n\n\n<p>Temel Petek \u00fcretiminde kullan\u0131lacak bal mumu % 100 saf ve do\u011fal olmal\u0131d\u0131r.Temel Petek haline getirilmeden \u00f6nce Amerikan ve Avrupa yavru \u00e7\u00fcr\u00fckl\u00fc\u011f\u00fc ve Kire\u00e7 hastal\u0131\u011f\u0131 gibi hastal\u0131k etkenlerine kar\u015f\u0131 120 \u00b0C&#8217;de sterilize edilmelidir.Temel Petek \u00dcretiminde SorunlarTemel Petek \u00fcretim tesislerine gelen mumlar\u0131n kirlilik derecesi farkl\u0131d\u0131r; temiz ve hastal\u0131kl\u0131 mumlar i\u015fleme beraber girerler. Sterilizasyon gere\u011fince yap\u0131lmazsa, hastal\u0131klar petekle birlikte yay\u0131lacakt\u0131r. Sterilizasyon i\u00e7in yeterli teknoloji ise b\u00fct\u00fcn Temel Petek \u00fcreticilerinde yoktur. Ayr\u0131ca, yasak olmas\u0131na ra\u011fmen, yasad\u0131\u015f\u0131, haks\u0131z kazan\u00e7 sa\u011flamak amac\u0131yla petek \u00fcretimi s\u0131ras\u0131nda bal mumuna parafin, serezin, re\u00e7ine, i\u00e7 ya\u011f\u0131 gibi yabanc\u0131 maddeler kar\u0131\u015ft\u0131r\u0131labilmektedir. Temel Petek \u00fcretim tesisleri Tar\u0131m ve K\u00f6yi\u015fleri Bakanl\u0131\u011f\u0131&#8217;ndan \u00fcretim izni almal\u0131d\u0131r.<\/p>\n\n\n\n<p>Temel Petek Saklanmas\u0131ndaki Sorunlar<\/p>\n\n\n\n<p>Sonbaharda bal\u0131 s\u00fcz\u00fcld\u00fckten sonra uygun bi\u00e7imde depolanmayan kabart\u0131lm\u0131\u015f bo\u015f peteklere Mum G\u00fcvesi zarar vermektedir. Bu durumda, yasak ve tehlikeli olmas\u0131na ra\u011fmen, baz\u0131 ar\u0131c\u0131lar naftalin kullanmaktad\u0131r. Bal mumu naftalini b\u00fcnyesine al\u0131r ve uzun y\u0131llar muhafaza eder. Bu durumda petekler yeniden koloniye verilirken i\u00e7erdikleri naftalin bala ge\u00e7er.Eritilen eski peteklerdeki naftalin kal\u0131nt\u0131lar\u0131 da yeni muma ge\u00e7er.Bal Mumu ve Temel Petek Nas\u0131l Saklanmal\u0131d\u0131r?\u2022 12 \u00b0C&#8217;nin alt\u0131ndaki depo s\u0131cakl\u0131\u011f\u0131nda saklanmal\u0131d\u0131r.<br>\u2022 K\u00fck\u00fcrt uygulamas\u0131 yap\u0131larak saklanabilir.<br>\u2022 Aktif ar\u0131 kolonilerinin ikinci kat\u0131nda kabart\u0131lm\u0131\u015f petek olarak saklanabilir.<br>\u2022 \u015eartlar\u0131 uygun olan ar\u0131c\u0131lar peteklerini so\u011fuk hava depolar\u0131nda muhafaza edebilir.Naftalin Her Y\u00f6nden Zararl\u0131d\u0131r\u00dclkemizde 22 Ekim 2000 tarihinde y\u00fcr\u00fcrl\u00fc\u011fe giren bal mumu ve bal ile ilgili G\u0131da Kodeksi&#8217;ne g\u00f6re, hem bal \u00fcreticileri, hem petek \u00fcreticileri bal mumlar\u0131nda ve ballar\u0131nda 0 (s\u0131f\u0131r) naftalin bakiyesi kural\u0131na uymal\u0131d\u0131r.<\/p>\n\n\n\n<p>\u00d6neriler :<\/p>\n\n\n\n<ul class=\"wp-block-list\"><li>Bal mumu ve temel petek \u00fcretim standartlar\u0131na uygunluk sa\u011flanmal\u0131d\u0131r.<\/li><li>Ar\u0131c\u0131lar bal mumu g\u00fcvesi m\u00fccadele y\u00f6ntemleri konusunda e\u011fitilmektedir. E\u011fitim \u00e7al\u0131\u015fmalar\u0131na devam edilmelidir.<\/li><li>Temel petek \u00fcretimi ve pazarlamas\u0131 yapan firmalar kamu kurulu\u015flar\u0131nca \u00e7ok yo\u011fun bir \u015fekilde ve mevzuata uygun olarak, \u00f6zellikle aktif ar\u0131c\u0131l\u0131k sezonunda denetlenmelidir.<\/li><li>\u0130zinsiz \u00fcretime engel olunmal\u0131d\u0131r.<\/li><li>\u0130thal mumlar\u0131n kontrol\u00fc yap\u0131lmal\u0131d\u0131r.<\/li><li>\u0130lgili kamu kurumlar\u0131, ar\u0131c\u0131 birlikleri ve petek \u00fcreticileri i\u015f birli\u011fi i\u00e7inde olmal\u0131d\u0131r.<\/li><li>Naftalin, ar\u0131c\u0131lar ve temel petek \u00fcreten firmalar taraf\u0131ndan bal mumu g\u00fcvesi m\u00fccadelesinde kesinlikle kullan\u0131lmamal\u0131d\u0131r.<\/li><li>Bal mumu g\u00fcvesi m\u00fccadelesinde yasak olan naftalin yerine alternatif f\u00fcmigant ila\u00e7lar\u0131n bulunmas\u0131 ve ar\u0131c\u0131lar\u0131m\u0131za tavsiye edilmesi i\u00e7in \u00fcniversite ve ara\u015ft\u0131rma kurumlar\u0131nda \u00e7al\u0131\u015fmalara derhal ba\u015flanmal\u0131d\u0131r.<\/li><li>Eski peteklerden bal mumunu pres y\u00f6ntemiyle ayr\u0131\u015ft\u0131ran i\u015fletmelerin de kay\u0131t alt\u0131na al\u0131nmas\u0131 sa\u011flanmal\u0131d\u0131r.<\/li><\/ul>\n","protected":false},"excerpt":{"rendered":"<p>Bal Mumu Nedir? Bal mumu gen\u00e7 i\u015f\u00e7i ar\u0131lar\u0131n kar\u0131n halkalar\u0131ndaki mum salg\u0131 bezleri taraf\u0131ndan salg\u0131lanan bir ar\u0131 \u00fcr\u00fcn\u00fcd\u00fcr. Bal mumunun salg\u0131land\u0131\u011f\u0131 anda rengi beyazd\u0131r, kovan i\u00e7inde do\u011fal s\u00fcre\u00e7lerde giderek sar\u0131-kahverengi tonlar\u0131na d\u00f6ner. Bal Mumu ve Temel Petek Bal mumu \u00e7ok<\/p>\n","protected":false},"author":1,"featured_media":375,"parent":0,"menu_order":0,"comment_status":"closed","ping_status":"closed","template":"","meta":{"footnotes":""},"class_list":["post-371","page","type-page","status-publish","has-post-thumbnail","hentry"],"_links":{"self":[{"href":"http:\/\/duzaybir.com\/dzb\/wp-json\/wp\/v2\/pages\/371","targetHints":{"allow":["GET"]}}],"collection":[{"href":"http:\/\/duzaybir.com\/dzb\/wp-json\/wp\/v2\/pages"}],"about":[{"href":"http:\/\/duzaybir.com\/dzb\/wp-json\/wp\/v2\/types\/page"}],"author":[{"embeddable":true,"href":"http:\/\/duzaybir.com\/dzb\/wp-json\/wp\/v2\/users\/1"}],"replies":[{"embeddable":true,"href":"http:\/\/duzaybir.com\/dzb\/wp-json\/wp\/v2\/comments?post=371"}],"version-history":[{"count":1,"href":"http:\/\/duzaybir.com\/dzb\/wp-json\/wp\/v2\/pages\/371\/revisions"}],"predecessor-version":[{"id":376,"href":"http:\/\/duzaybir.com\/dzb\/wp-json\/wp\/v2\/pages\/371\/revisions\/376"}],"wp:featuredmedia":[{"embeddable":true,"href":"http:\/\/duzaybir.com\/dzb\/wp-json\/wp\/v2\/media\/375"}],"wp:attachment":[{"href":"http:\/\/duzaybir.com\/dzb\/wp-json\/wp\/v2\/media?parent=371"}],"curies":[{"name":"wp","href":"https:\/\/api.w.org\/{rel}","templated":true}]}}