{"id":343,"date":"2019-12-09T18:38:50","date_gmt":"2019-12-09T18:38:50","guid":{"rendered":"http:\/\/duzaybir.com\/dzb\/?page_id=343"},"modified":"2019-12-09T21:16:54","modified_gmt":"2019-12-09T21:16:54","slug":"polen","status":"publish","type":"page","link":"http:\/\/duzaybir.com\/dzb\/polen\/","title":{"rendered":"Polen"},"content":{"rendered":"\n<p><strong><strong>B\u0130L\u0130M ADAMLARINA G\u00d6RE POLEN VE POLEN\u0130N FAYDALARI :<\/strong><\/strong><br>Frans\u0131z Pr.Dr. Robert Toucguet 5 ayr\u0131 dilde 26 kitap yazm\u0131\u015f bir bilim adam\u0131d\u0131r. &#8220;100 y\u0131l din\u00e7 ya\u015famak&#8221;(Pour vivre cink fois vingt ans) isimli kitab\u0131nda polenin faydalar\u0131n\u0131 \u015fu \u015fekilde anlat\u0131yor; &#8220;Polen harika besinlerin en \u00fcst\u00fcn\u00fcd\u00fcr. Kimyasal analizler polende, vitaminler, proteinler, ya\u011f, \u015feker, mineral, hormon, b\u00fcy\u00fct\u00fcc\u00fc fakt\u00f6r, pigment vs. bulundu\u011funu g\u00f6steriyor. Bu canl\u0131 ve dengeli besin beyni ve v\u00fccudu yorgun uyu\u015fuk insanlara bir ka\u00e7 g\u00fcnde canl\u0131l\u0131k ve ya\u015fama ne\u015fesi veriyor. <\/p>\n\n\n\n<div class=\"wp-block-image\"><figure class=\"alignleft size-large is-resized\"><img loading=\"lazy\" decoding=\"async\" src=\"http:\/\/duzaybir.com\/dzb\/wp-content\/uploads\/2019\/12\/ari-poleni-nedir_2523273_810x458.jpg\" alt=\"\" class=\"wp-image-369\" width=\"267\" height=\"151\" srcset=\"http:\/\/duzaybir.com\/dzb\/wp-content\/uploads\/2019\/12\/ari-poleni-nedir_2523273_810x458.jpg 810w, http:\/\/duzaybir.com\/dzb\/wp-content\/uploads\/2019\/12\/ari-poleni-nedir_2523273_810x458-300x170.jpg 300w, http:\/\/duzaybir.com\/dzb\/wp-content\/uploads\/2019\/12\/ari-poleni-nedir_2523273_810x458-600x339.jpg 600w, http:\/\/duzaybir.com\/dzb\/wp-content\/uploads\/2019\/12\/ari-poleni-nedir_2523273_810x458-768x434.jpg 768w\" sizes=\"auto, (max-width: 267px) 100vw, 267px\" \/><\/figure><\/div>\n\n\n\n<p>B\u00fcy\u00fcme fakt\u00f6rleriyle c\u0131l\u0131z ve yorgun \u00e7ocuklar\u0131n h\u0131zl\u0131 geli\u015fmesini sa\u011fl\u0131yor.Kans\u0131zlarda, bir ay s\u00fcre ile herg\u00fcn bir kahve ka\u015f\u0131\u011f\u0131 polen yedikten sonra yap\u0131lan labaratuar denemeleri, kandaki k\u0131rm\u0131z\u0131 k\u00fcreciklerin, milimetre k\u00fcpte, be\u015fy\u00fcz bin artt\u0131\u011f\u0131n\u0131 g\u00f6steriyor. Hafif laksatif, yani barsak \u00e7al\u0131\u015ft\u0131r\u0131c\u0131s\u0131d\u0131r. \u0130\u00e7 zehirlenmeleri \u00f6nleyicidir. Sabah, \u00f6\u011fle ve ak\u015fam bol vitamin almak i\u00e7in polen yiyiniz. Il\u0131k s\u00fct, \u00e7ay, kahve yada suya kar\u0131\u015ft\u0131r\u0131l\u0131r veya do\u011frudan yenilir. G\u00fcnl\u00fck normal miktar bir \u00e7ay ka\u015f\u0131\u011f\u0131d\u0131r. A\u015f\u0131r\u0131 yorgunluk, zay\u0131fl\u0131k, hastal\u0131k, kans\u0131zl\u0131k, yava\u015f geli\u015fme gibi durumlarda dozu art\u0131r\u0131n\u0131z. Hi\u00e7 bir yan etkisi tespit edilmemi\u015ftir. Son ara\u015ft\u0131rmalar erken ihtiyarlamadan korudu\u011funu g\u00f6steriyor. Siz, 60 ya\u015f\u0131ndan sonra 40 y\u0131l daha din\u00e7 ya\u015famak istiyorsan\u0131z poleni hemen her g\u00fcn yiyiniz.&#8221; Sa\u011fl\u0131k ve beslenme konular\u0131nda 30 dan fazla kitap yazm\u0131\u015f olan frans\u0131z Dr.Raymond Dextreit, &#8220;Le miel et pollen&#8221; (Bal ve polen ) isimli kitab\u0131nda polenin faydalar\u0131n\u0131 \u015f\u00f6yle a\u00e7\u0131kl\u0131yor: &#8220;De\u011fi\u015fik labaratuarlarda, \u00f6zellikle Rusya vitaminler enstit\u00fcs\u00fcnde bir\u00e7ok kez yap\u0131lan analizlere g\u00f6re polen, vitan ve ferment gibi canl\u0131 cevherlerden yana \u00e7ok zengindir. <\/p>\n\n\n\n<p>Prof.Joiriche, Dr.Chauvin ve Alain Caillas&#8217;\u0131n yapt\u0131klar\u0131 polen analizleri g\u00f6z \u00f6n\u00fcne al\u0131n\u0131rsa, en ba\u015fta sinir dengesi kurmaya yarad\u0131\u011f\u0131 anla\u015f\u0131l\u0131r. Beyin yorgunlu\u011fu ve d\u00fc\u015f\u00fcnsel bunal\u0131m sonucu ortaya \u00e7\u0131kan,zay\u0131f sinirli, g\u00fcc\u00fc t\u00fckenmi\u015f ve uyu\u015fuk insanlar, her g\u00fcn yedikleri 2 ka\u015f\u0131k polen le ger\u00e7ek bir sa\u011fl\u0131k verici, sakinle\u015ftirici ila\u00e7 bulabiliyorlar. \u015ei\u015fmanl\u0131k ve zay\u0131fl\u0131k, ishal ve peklik gibi kar\u015f\u0131t durumlarda dengeye getirici, sa\u011fl\u0131k kazand\u0131r\u0131c\u0131 bir etki yapar. Salg\u0131 bezlerini ve hormanla sistemi uyar\u0131r. Polit, ince ba\u011f\u0131rsak ilthab\u0131 ve ba\u011f\u0131rsak koku\u015fmas\u0131nda faydal\u0131d\u0131r.\u00d6zellikle kolibasillere mikroplara \u00f6ld\u00fcr\u00fcc\u00fc ve \u00fcremeyi durdurucu etkisi denenmi\u015ftir. <\/p>\n","protected":false},"excerpt":{"rendered":"<p>B\u0130L\u0130M ADAMLARINA G\u00d6RE POLEN VE POLEN\u0130N FAYDALARI :Frans\u0131z Pr.Dr. Robert Toucguet 5 ayr\u0131 dilde 26 kitap yazm\u0131\u015f bir bilim adam\u0131d\u0131r. &#8220;100 y\u0131l din\u00e7 ya\u015famak&#8221;(Pour vivre cink fois vingt ans) isimli kitab\u0131nda polenin faydalar\u0131n\u0131 \u015fu \u015fekilde anlat\u0131yor; &#8220;Polen harika besinlerin en<\/p>\n","protected":false},"author":1,"featured_media":367,"parent":0,"menu_order":0,"comment_status":"closed","ping_status":"closed","template":"","meta":{"footnotes":""},"class_list":["post-343","page","type-page","status-publish","has-post-thumbnail","hentry"],"_links":{"self":[{"href":"http:\/\/duzaybir.com\/dzb\/wp-json\/wp\/v2\/pages\/343","targetHints":{"allow":["GET"]}}],"collection":[{"href":"http:\/\/duzaybir.com\/dzb\/wp-json\/wp\/v2\/pages"}],"about":[{"href":"http:\/\/duzaybir.com\/dzb\/wp-json\/wp\/v2\/types\/page"}],"author":[{"embeddable":true,"href":"http:\/\/duzaybir.com\/dzb\/wp-json\/wp\/v2\/users\/1"}],"replies":[{"embeddable":true,"href":"http:\/\/duzaybir.com\/dzb\/wp-json\/wp\/v2\/comments?post=343"}],"version-history":[{"count":3,"href":"http:\/\/duzaybir.com\/dzb\/wp-json\/wp\/v2\/pages\/343\/revisions"}],"predecessor-version":[{"id":379,"href":"http:\/\/duzaybir.com\/dzb\/wp-json\/wp\/v2\/pages\/343\/revisions\/379"}],"wp:featuredmedia":[{"embeddable":true,"href":"http:\/\/duzaybir.com\/dzb\/wp-json\/wp\/v2\/media\/367"}],"wp:attachment":[{"href":"http:\/\/duzaybir.com\/dzb\/wp-json\/wp\/v2\/media?parent=343"}],"curies":[{"name":"wp","href":"https:\/\/api.w.org\/{rel}","templated":true}]}}