{"id":333,"date":"2019-12-09T18:11:55","date_gmt":"2019-12-09T18:11:55","guid":{"rendered":"http:\/\/duzaybir.com\/dzb\/?page_id=333"},"modified":"2019-12-18T09:39:31","modified_gmt":"2019-12-18T09:39:31","slug":"ari-sutu","status":"publish","type":"page","link":"http:\/\/duzaybir.com\/dzb\/ari-sutu\/","title":{"rendered":"Ar\u0131 S\u00fct\u00fc"},"content":{"rendered":"\n<p>Ar\u0131 s\u00fct\u00fcn\u00fcn insan sa\u011fl\u0131\u011f\u0131na pek \u00e7ok faydas\u0131 tespit edilmi\u015ftir. Tespit edilmi\u015f faydalar\u0131ndan birka\u00e7\u0131 yorgunluk, halsizlik, bitkinlik ve \u00e7al\u0131\u015fma isteksizliklerini gidererek organizmaya aktivite kazand\u0131r\u0131r. Enerji a\u00e7\u0131\u011f\u0131n\u0131 kapat\u0131r.<\/p>\n\n\n\n<div class=\"wp-block-image is-style-default\"><figure class=\"alignleft size-large is-resized\"><img loading=\"lazy\" decoding=\"async\" src=\"http:\/\/duzaybir.com\/dzb\/wp-content\/uploads\/2019\/12\/2019-Qinghai-bee-farm-supplies-ginseng-organic-1.jpg\" alt=\"\" class=\"wp-image-829\" width=\"256\" height=\"247\" srcset=\"http:\/\/duzaybir.com\/dzb\/wp-content\/uploads\/2019\/12\/2019-Qinghai-bee-farm-supplies-ginseng-organic-1.jpg 628w, http:\/\/duzaybir.com\/dzb\/wp-content\/uploads\/2019\/12\/2019-Qinghai-bee-farm-supplies-ginseng-organic-1-300x290.jpg 300w, http:\/\/duzaybir.com\/dzb\/wp-content\/uploads\/2019\/12\/2019-Qinghai-bee-farm-supplies-ginseng-organic-1-400x387.jpg 400w, http:\/\/duzaybir.com\/dzb\/wp-content\/uploads\/2019\/12\/2019-Qinghai-bee-farm-supplies-ginseng-organic-1-600x580.jpg 600w\" sizes=\"auto, (max-width: 256px) 100vw, 256px\" \/><\/figure><\/div>\n\n\n\n<p><br>Beyin performans\u0131 gerektiren durumlarda \u00f6zellikle \u00f6\u011frencilerin s\u0131nav d\u00f6nemlerinde daha ba\u015far\u0131l\u0131 olmalar\u0131nda, yorgunluk ve endi\u015fe duymamalar\u0131nda yard\u0131mc\u0131 olur.<br>\u00dcst\u00fcn h\u00fccre yenileyici \u00f6zelli\u011fi nedeniyle ya\u015flanmay\u0131 geciktirir <\/p>\n","protected":false},"excerpt":{"rendered":"<p>Ar\u0131 s\u00fct\u00fcn\u00fcn insan sa\u011fl\u0131\u011f\u0131na pek \u00e7ok faydas\u0131 tespit edilmi\u015ftir. Tespit edilmi\u015f faydalar\u0131ndan birka\u00e7\u0131 yorgunluk, halsizlik, bitkinlik ve \u00e7al\u0131\u015fma isteksizliklerini gidererek organizmaya aktivite kazand\u0131r\u0131r. Enerji a\u00e7\u0131\u011f\u0131n\u0131 kapat\u0131r. Beyin performans\u0131 gerektiren durumlarda \u00f6zellikle \u00f6\u011frencilerin s\u0131nav d\u00f6nemlerinde daha ba\u015far\u0131l\u0131 olmalar\u0131nda, yorgunluk ve endi\u015fe<\/p>\n","protected":false},"author":1,"featured_media":339,"parent":0,"menu_order":0,"comment_status":"closed","ping_status":"closed","template":"","meta":{"footnotes":""},"class_list":["post-333","page","type-page","status-publish","has-post-thumbnail","hentry"],"_links":{"self":[{"href":"http:\/\/duzaybir.com\/dzb\/wp-json\/wp\/v2\/pages\/333","targetHints":{"allow":["GET"]}}],"collection":[{"href":"http:\/\/duzaybir.com\/dzb\/wp-json\/wp\/v2\/pages"}],"about":[{"href":"http:\/\/duzaybir.com\/dzb\/wp-json\/wp\/v2\/types\/page"}],"author":[{"embeddable":true,"href":"http:\/\/duzaybir.com\/dzb\/wp-json\/wp\/v2\/users\/1"}],"replies":[{"embeddable":true,"href":"http:\/\/duzaybir.com\/dzb\/wp-json\/wp\/v2\/comments?post=333"}],"version-history":[{"count":4,"href":"http:\/\/duzaybir.com\/dzb\/wp-json\/wp\/v2\/pages\/333\/revisions"}],"predecessor-version":[{"id":830,"href":"http:\/\/duzaybir.com\/dzb\/wp-json\/wp\/v2\/pages\/333\/revisions\/830"}],"wp:featuredmedia":[{"embeddable":true,"href":"http:\/\/duzaybir.com\/dzb\/wp-json\/wp\/v2\/media\/339"}],"wp:attachment":[{"href":"http:\/\/duzaybir.com\/dzb\/wp-json\/wp\/v2\/media?parent=333"}],"curies":[{"name":"wp","href":"https:\/\/api.w.org\/{rel}","templated":true}]}}